{"id":1001,"date":"2024-11-21T22:44:02","date_gmt":"2024-11-21T22:44:02","guid":{"rendered":"https:\/\/romanivilafranca.com\/?page_id=1001"},"modified":"2024-11-25T15:38:52","modified_gmt":"2024-11-25T15:38:52","slug":"accesibilidad","status":"publish","type":"page","link":"https:\/\/romanivilafranca.com\/ca\/accesibilidad\/","title":{"rendered":"Accessibilitat"},"content":{"rendered":"<div data-elementor-type=\"wp-page\" data-elementor-id=\"1001\" class=\"elementor elementor-1001\">\n\t\t\t\t<div class=\"elementor-element elementor-element-241e4618 e-flex e-con-boxed e-con e-parent\" data-id=\"241e4618\" data-element_type=\"container\">\n\t\t\t\t\t<div class=\"e-con-inner\">\n\t\t\t\t<div class=\"elementor-element elementor-element-37f66760 elementor-widget elementor-widget-text-editor\" data-id=\"37f66760\" data-element_type=\"widget\" data-widget_type=\"text-editor.default\">\n\t\t\t\t<div class=\"elementor-widget-container\">\n\t\t\t\t\t\t\t\t\t<div id=\"termsContainer\"><p>En la construcci\u00f3n de la p\u00e1gina web de\u00a0<a href=\"https:\/\/romanivilafranca.com\/ca\/\">https:\/\/romanivilafranca.com\/<\/a>\u00a0han adoptado medidas con el objetivo de que el mayor n\u00famero posible de personas puedan llegar a la informaci\u00f3n que se transmite en ella, independientemente de las limitaciones de la persona o de las que se deriven del contexto de uso.<\/p><p>As\u00ed, en la confecci\u00f3n del portal se han tenido en cuenta los siguientes aspectos:<\/p><ul><li>Uso de CSS para la presentaci\u00f3n de la informaci\u00f3n.<\/li><li>Etiquetas de marcaje.<\/li><li>Sistemas de navegaci\u00f3n usables, intuitivos y alternativos.<\/li><li>Descripciones alternativas en las im\u00e1genes.<\/li><li>Verificaciones en la visualizaci\u00f3n con diferentes navegadores y dispositivos.<\/li><li>Utilizaci\u00f3n de formatos universales y alternativos.<\/li><li>Los enlaces ofrecen detalles de la funci\u00f3n o destino del hiperv\u00ednculo.<\/li><li>Uso de los est\u00e1ndares del W3C.<\/li><li>Acceso mediante atajos teclado a las principales opciones.<\/li><\/ul><h3 class=\"wp-block-heading\">Cumplimiento de los est\u00e1ndares<\/h3><p>Las p\u00e1ginas de este sitio Web cumplen la marca AA seg\u00fan la Norma UNE 139803:2004 y las Directrices de Accesibilidad para el Contenido Web 1.0 del W3C. Todos los requisitos de Prioridad 1 y Prioridad 2 y un subconjunto de los requisitos de Prioridad 3 han sido comprobados con un an\u00e1lisis manual de la accesibilidad a trav\u00e9s de diferentes herramientas semi-autom\u00e1ticas y agentes de usuario.<\/p><h3 class=\"wp-block-heading\">Atajos de teclado<\/h3><p>En esta Web puede hacer saltos ordenados en el contenido con la tecla Tab.<\/p><h3 class=\"wp-block-heading\">Tama\u00f1o del texto<\/h3><p>El dise\u00f1o accesible permite que el usuario pueda ajustar las fuentes al tama\u00f1o que le convenga. Esta acci\u00f3n puede llevarse a cabo de diferentes maneras seg\u00fan el navegador web que se utilice. A continuaci\u00f3n se indica la acci\u00f3n de men\u00fa donde se encuentra esta funcionalidad en los navegadores m\u00e1s frecuentes:<\/p><ul><li>Mozilla Firefox: Ver &gt; Tama\u00f1o de texto &gt; Incrementar Internet<\/li><li>Internet Explorer: Ver &gt; Tama\u00f1o de texto &gt; M\u00e1s grande<\/li><li>Opera: View &gt; Zoom &gt; %<\/li><li>Safari: View &gt; Make text bigger<\/li><li>Google Chrome: Herramientas &gt; Zoom<\/li><\/ul><h3 class=\"wp-block-heading\">Configuraci\u00f3n t\u00e9cnica<\/h3><p>Las p\u00e1ginas web est\u00e1n creadas con el CMS WordPress 6.1.1.<\/p><h3 class=\"wp-block-heading\">Informaci\u00f3n \u00fatil sobre la accesibilidad<\/h3><p>Seguidamente se exponen una serie de enlaces organizados en diferentes categor\u00edas \u00fatiles para obtener m\u00e1s informaci\u00f3n sobre la accesibilidad.<\/p><h4 class=\"wp-block-heading\">Accesibilidad normas y documentos t\u00e9cnicos:<\/h4><p><a href=\"http:\/\/www.w3c.org\/\" target=\"_blank\" rel=\"noreferrer noopener\">http:\/\/www.w3c.org\/<\/a><br \/>Consorcio World Wide Web, grupo de trabajo de \u00e1mbito internacional que dicta l\u00edneas generales relacionadas con la web.<\/p><p><a href=\"http:\/\/www.w3c.org\/wai\/\" target=\"_blank\" rel=\"noreferrer noopener\">http:\/\/www.w3c.org\/wai\/<\/a><br \/>Iniciativa de Accesibilidad Web del W3C.<\/p><\/div>\t\t\t\t\t\t\t\t<\/div>\n\t\t\t\t<\/div>\n\t\t\t\t\t<\/div>\n\t\t\t\t<\/div>\n\t\t\t\t<\/div>","protected":false},"excerpt":{"rendered":"<p>En la construcci\u00f3n de la p\u00e1gina web de\u00a0https:\/\/romanivilafranca.com\/\u00a0han adoptado medidas con el objetivo de que el mayor n\u00famero posible de personas puedan llegar a la informaci\u00f3n que se transmite en ella, independientemente de las limitaciones de la persona o de las que se deriven del contexto de uso. As\u00ed, en la confecci\u00f3n del portal se [&hellip;]<\/p>","protected":false},"author":1,"featured_media":0,"parent":0,"menu_order":0,"comment_status":"closed","ping_status":"closed","template":"","meta":{"_acf_changed":false,"_monsterinsights_skip_tracking":false,"_monsterinsights_sitenote_active":false,"_monsterinsights_sitenote_note":"","_monsterinsights_sitenote_category":0,"footnotes":""},"class_list":["post-1001","page","type-page","status-publish","hentry"],"acf":[],"yoast_head":"<!-- This site is optimized with the Yoast SEO plugin v26.4 - https:\/\/yoast.com\/wordpress\/plugins\/seo\/ -->\n<title>Accesibilidad - romanivilafranca.com<\/title>\n<meta name=\"robots\" content=\"index, follow, max-snippet:-1, max-image-preview:large, max-video-preview:-1\" \/>\n<link rel=\"canonical\" href=\"https:\/\/romanivilafranca.com\/ca\/accesibilidad\/\" \/>\n<meta property=\"og:locale\" content=\"ca_ES\" \/>\n<meta property=\"og:type\" content=\"article\" \/>\n<meta property=\"og:title\" content=\"Accesibilidad - romanivilafranca.com\" \/>\n<meta property=\"og:description\" content=\"En la construcci\u00f3n de la p\u00e1gina web de\u00a0https:\/\/romanivilafranca.com\/\u00a0han adoptado medidas con el objetivo de que el mayor n\u00famero posible de personas puedan llegar a la informaci\u00f3n que se transmite en ella, independientemente de las limitaciones de la persona o de las que se deriven del contexto de uso. As\u00ed, en la confecci\u00f3n del portal se [&hellip;]\" \/>\n<meta property=\"og:url\" content=\"https:\/\/romanivilafranca.com\/ca\/accesibilidad\/\" \/>\n<meta property=\"og:site_name\" content=\"romanivilafranca.com\" \/>\n<meta property=\"article:modified_time\" content=\"2024-11-25T15:38:52+00:00\" \/>\n<meta property=\"og:image\" content=\"https:\/\/romanivilafranca.com\/wp-content\/uploads\/2024\/11\/pixelcut-export-1.jpeg\" \/>\n\t<meta property=\"og:image:width\" content=\"600\" \/>\n\t<meta property=\"og:image:height\" content=\"600\" \/>\n\t<meta property=\"og:image:type\" content=\"image\/jpeg\" \/>\n<meta name=\"twitter:card\" content=\"summary_large_image\" \/>\n<meta name=\"twitter:label1\" content=\"Temps estimat de lectura\" \/>\n\t<meta name=\"twitter:data1\" content=\"2 minuts\" \/>\n<script type=\"application\/ld+json\" class=\"yoast-schema-graph\">{\"@context\":\"https:\/\/schema.org\",\"@graph\":[{\"@type\":\"WebPage\",\"@id\":\"https:\/\/romanivilafranca.com\/accesibilidad\/\",\"url\":\"https:\/\/romanivilafranca.com\/accesibilidad\/\",\"name\":\"Accesibilidad - romanivilafranca.com\",\"isPartOf\":{\"@id\":\"https:\/\/romanivilafranca.com\/#website\"},\"datePublished\":\"2024-11-21T22:44:02+00:00\",\"dateModified\":\"2024-11-25T15:38:52+00:00\",\"breadcrumb\":{\"@id\":\"https:\/\/romanivilafranca.com\/accesibilidad\/#breadcrumb\"},\"inLanguage\":\"ca\",\"potentialAction\":[{\"@type\":\"ReadAction\",\"target\":[\"https:\/\/romanivilafranca.com\/accesibilidad\/\"]}]},{\"@type\":\"BreadcrumbList\",\"@id\":\"https:\/\/romanivilafranca.com\/accesibilidad\/#breadcrumb\",\"itemListElement\":[{\"@type\":\"ListItem\",\"position\":1,\"name\":\"Portada\",\"item\":\"https:\/\/romanivilafranca.com\/\"},{\"@type\":\"ListItem\",\"position\":2,\"name\":\"Accesibilidad\"}]},{\"@type\":\"WebSite\",\"@id\":\"https:\/\/romanivilafranca.com\/#website\",\"url\":\"https:\/\/romanivilafranca.com\/\",\"name\":\"romanivilafranca.com\",\"description\":\"\",\"publisher\":{\"@id\":\"https:\/\/romanivilafranca.com\/#organization\"},\"potentialAction\":[{\"@type\":\"SearchAction\",\"target\":{\"@type\":\"EntryPoint\",\"urlTemplate\":\"https:\/\/romanivilafranca.com\/?s={search_term_string}\"},\"query-input\":{\"@type\":\"PropertyValueSpecification\",\"valueRequired\":true,\"valueName\":\"search_term_string\"}}],\"inLanguage\":\"ca\"},{\"@type\":\"Organization\",\"@id\":\"https:\/\/romanivilafranca.com\/#organization\",\"name\":\"romanivilafranca.com\",\"url\":\"https:\/\/romanivilafranca.com\/\",\"logo\":{\"@type\":\"ImageObject\",\"inLanguage\":\"ca\",\"@id\":\"https:\/\/romanivilafranca.com\/#\/schema\/logo\/image\/\",\"url\":\"https:\/\/romanivilafranca.com\/wp-content\/uploads\/2024\/11\/pixelcut-export-1.jpeg\",\"contentUrl\":\"https:\/\/romanivilafranca.com\/wp-content\/uploads\/2024\/11\/pixelcut-export-1.jpeg\",\"width\":600,\"height\":600,\"caption\":\"romanivilafranca.com\"},\"image\":{\"@id\":\"https:\/\/romanivilafranca.com\/#\/schema\/logo\/image\/\"}}]}<\/script>\n<!-- \/ Yoast SEO plugin. -->","yoast_head_json":{"title":"Accesibilidad - romanivilafranca.com","robots":{"index":"index","follow":"follow","max-snippet":"max-snippet:-1","max-image-preview":"max-image-preview:large","max-video-preview":"max-video-preview:-1"},"canonical":"https:\/\/romanivilafranca.com\/ca\/accesibilidad\/","og_locale":"ca_ES","og_type":"article","og_title":"Accesibilidad - romanivilafranca.com","og_description":"En la construcci\u00f3n de la p\u00e1gina web de\u00a0https:\/\/romanivilafranca.com\/\u00a0han adoptado medidas con el objetivo de que el mayor n\u00famero posible de personas puedan llegar a la informaci\u00f3n que se transmite en ella, independientemente de las limitaciones de la persona o de las que se deriven del contexto de uso. As\u00ed, en la confecci\u00f3n del portal se [&hellip;]","og_url":"https:\/\/romanivilafranca.com\/ca\/accesibilidad\/","og_site_name":"romanivilafranca.com","article_modified_time":"2024-11-25T15:38:52+00:00","og_image":[{"width":600,"height":600,"url":"https:\/\/romanivilafranca.com\/wp-content\/uploads\/2024\/11\/pixelcut-export-1.jpeg","type":"image\/jpeg"}],"twitter_card":"summary_large_image","twitter_misc":{"Temps estimat de lectura":"2 minuts"},"schema":{"@context":"https:\/\/schema.org","@graph":[{"@type":"WebPage","@id":"https:\/\/romanivilafranca.com\/accesibilidad\/","url":"https:\/\/romanivilafranca.com\/accesibilidad\/","name":"Accesibilidad - romanivilafranca.com","isPartOf":{"@id":"https:\/\/romanivilafranca.com\/#website"},"datePublished":"2024-11-21T22:44:02+00:00","dateModified":"2024-11-25T15:38:52+00:00","breadcrumb":{"@id":"https:\/\/romanivilafranca.com\/accesibilidad\/#breadcrumb"},"inLanguage":"ca","potentialAction":[{"@type":"ReadAction","target":["https:\/\/romanivilafranca.com\/accesibilidad\/"]}]},{"@type":"BreadcrumbList","@id":"https:\/\/romanivilafranca.com\/accesibilidad\/#breadcrumb","itemListElement":[{"@type":"ListItem","position":1,"name":"Portada","item":"https:\/\/romanivilafranca.com\/"},{"@type":"ListItem","position":2,"name":"Accesibilidad"}]},{"@type":"WebSite","@id":"https:\/\/romanivilafranca.com\/#website","url":"https:\/\/romanivilafranca.com\/","name":"romanivilafranca.com","description":"","publisher":{"@id":"https:\/\/romanivilafranca.com\/#organization"},"potentialAction":[{"@type":"SearchAction","target":{"@type":"EntryPoint","urlTemplate":"https:\/\/romanivilafranca.com\/?s={search_term_string}"},"query-input":{"@type":"PropertyValueSpecification","valueRequired":true,"valueName":"search_term_string"}}],"inLanguage":"ca"},{"@type":"Organization","@id":"https:\/\/romanivilafranca.com\/#organization","name":"romanivilafranca.com","url":"https:\/\/romanivilafranca.com\/","logo":{"@type":"ImageObject","inLanguage":"ca","@id":"https:\/\/romanivilafranca.com\/#\/schema\/logo\/image\/","url":"https:\/\/romanivilafranca.com\/wp-content\/uploads\/2024\/11\/pixelcut-export-1.jpeg","contentUrl":"https:\/\/romanivilafranca.com\/wp-content\/uploads\/2024\/11\/pixelcut-export-1.jpeg","width":600,"height":600,"caption":"romanivilafranca.com"},"image":{"@id":"https:\/\/romanivilafranca.com\/#\/schema\/logo\/image\/"}}]}},"_links":{"self":[{"href":"https:\/\/romanivilafranca.com\/ca\/wp-json\/wp\/v2\/pages\/1001","targetHints":{"allow":["GET"]}}],"collection":[{"href":"https:\/\/romanivilafranca.com\/ca\/wp-json\/wp\/v2\/pages"}],"about":[{"href":"https:\/\/romanivilafranca.com\/ca\/wp-json\/wp\/v2\/types\/page"}],"author":[{"embeddable":true,"href":"https:\/\/romanivilafranca.com\/ca\/wp-json\/wp\/v2\/users\/1"}],"replies":[{"embeddable":true,"href":"https:\/\/romanivilafranca.com\/ca\/wp-json\/wp\/v2\/comments?post=1001"}],"version-history":[{"count":7,"href":"https:\/\/romanivilafranca.com\/ca\/wp-json\/wp\/v2\/pages\/1001\/revisions"}],"predecessor-version":[{"id":1516,"href":"https:\/\/romanivilafranca.com\/ca\/wp-json\/wp\/v2\/pages\/1001\/revisions\/1516"}],"wp:attachment":[{"href":"https:\/\/romanivilafranca.com\/ca\/wp-json\/wp\/v2\/media?parent=1001"}],"curies":[{"name":"wp","href":"https:\/\/api.w.org\/{rel}","templated":true}]}}