{"id":1006,"date":"2024-11-21T22:44:40","date_gmt":"2024-11-21T22:44:40","guid":{"rendered":"https:\/\/romanivilafranca.com\/?page_id=1006"},"modified":"2024-11-25T15:41:19","modified_gmt":"2024-11-25T15:41:19","slug":"aviso-legal","status":"publish","type":"page","link":"https:\/\/romanivilafranca.com\/ca\/aviso-legal\/","title":{"rendered":"Av\u00eds Legal"},"content":{"rendered":"<div data-elementor-type=\"wp-page\" data-elementor-id=\"1006\" class=\"elementor elementor-1006\">\n\t\t\t\t<div class=\"elementor-element elementor-element-241e4618 e-flex e-con-boxed e-con e-parent\" data-id=\"241e4618\" data-element_type=\"container\">\n\t\t\t\t\t<div class=\"e-con-inner\">\n\t\t\t\t<div class=\"elementor-element elementor-element-37f66760 elementor-widget elementor-widget-text-editor\" data-id=\"37f66760\" data-element_type=\"widget\" data-widget_type=\"text-editor.default\">\n\t\t\t\t<div class=\"elementor-widget-container\">\n\t\t\t\t\t\t\t\t\t<div id=\"termsContainer\"><p>Monica Gadea Munoz se compromete a mantener este sitio web actualizado y preciso. Si, a pesar de todo, encontrara algo incorrecto o desactualizado, le agradecer\u00edamos que nos lo hiciera saber. Por favor, indique en qu\u00e9 parte del sitio web ha le\u00eddo la informaci\u00f3n. Entonces lo examinaremos lo antes posible. Por favor, env\u00ede su duda por correo electr\u00f3nico a:<\/p><div class=\"elementor-element elementor-element-2518c22 elementor-widget elementor-widget-heading\" data-id=\"2518c22\" data-element_type=\"widget\" data-widget_type=\"heading.default\"><div class=\"elementor-widget-container\"><div class=\"elementor-heading-title elementor-size-default\"><p><a href=\"mailto:romanivilafranca@gmail.com\">romanivilafranca@gmail.com<\/a><\/p><\/div><\/div><\/div><p>No nos hacemos responsables de la p\u00e9rdida como resultado de inexactitudes o incompletitud, ni de la p\u00e9rdida resultante de problemas causados por o inherentes a la difusi\u00f3n de informaci\u00f3n a trav\u00e9s de Internet, tales como disrupciones o interrupciones. Al utilizar formularios web, nos esforzamos por limitar al m\u00ednimo el n\u00famero de campos obligatorios. Por cualquier p\u00e9rdida sufrida como resultado del uso de datos, asesor\u00eda o ideas proporcionados por o en nombre de Monica Gadea Munoz a trav\u00e9s de este sitio web, Monica Gadea Munoz no acepta ninguna responsabilidad.<\/p><p>Las respuestas y preguntas sobre privacidad enviadas por correo electr\u00f3nico o a trav\u00e9s de un formulario web ser\u00e1n tratadas de la misma manera que las cartas. Esto significa que puede esperar una respuesta de nosotros en un plazo de 1 mes como m\u00e1ximo. En el caso de solicitudes complejas, le informaremos en el plazo de 1 mes si necesitamos un m\u00e1ximo de 3 meses.<\/p><p>Cualquier dato personal que nos proporcione en el contexto de su respuesta o solicitud de informaci\u00f3n s\u00f3lo se utilizar\u00e1 de acuerdo con nuestra declaraci\u00f3n de privacidad.<\/p><p>Monica Gadea Munoz debe hacer cada esfuerzo razonable para proteger sis sistemas contra cualquier forma de uso ilegal. Monica Gadea Munoz aplicar\u00e1n las medidas t\u00e9cnicas y organizativas adecuadas a tal fin, teniendo en cuenta, entre otras cosas, el estado actual de la t\u00e9cnica. No obstante, no se hace responsable de los perjuicios, directos y\/o indirectos, sufridos por el usuario de la p\u00e1gina web, que se deriven de la utilizaci\u00f3n il\u00edcita de sus sistemas por un tercero.<\/p><p>Monica Gadea Munoz no se hace responsable del contenido de las p\u00e1ginas web a las que se hace referencia mediante hiperv\u00ednculos u otras referencias. Los productos o servicios ofrecidos por terceros estar\u00e1n sujetos a los t\u00e9rminos y condiciones aplicables de dichos terceros.<\/p><p>Nuestros empleados har\u00e1n todo lo posible para garantizar la accesibilidad de nuestra p\u00e1gina web y para mejorarla continuamente. Incluyendo para personas que usan software especial debido a una discapacidad.<\/p><p>Este sitio web est\u00e1 construido de acuerdo con las pautas de nivel AA WCAG 2.1. Estas pautas son acuerdos internacionalmente reconocidos sobre accesibilidad, sostenibilidad, intercambiabilidad y facilidad de b\u00fasqueda de sitios web.<\/p><p>Todos los derechos de propiedad intelectual sobre el contenido de este sitio web pertenecen a terceros que han colocado el contenido ellos mismos o de quienes Monica Gadea Munoz ha obtenido una licencia de usuario.<\/p><p>La copia, difusi\u00f3n y cualquier otro uso de estos materiales no est\u00e1 permitido sin el permiso escrito de Monica Gadea Munoz, excepto y s\u00f3lo en la medida en que se estipule lo contrario en los reglamentos de la ley obligatoria (como el derecho a cotizar), a menos que el contenido espec\u00edfico dicte lo contrario.<\/p><p>Si tiene alguna pregunta o problema con la accesibilidad del sitio web, no dude en ponerse en contacto con nosotros.<\/p><\/div>\t\t\t\t\t\t\t\t<\/div>\n\t\t\t\t<\/div>\n\t\t\t\t\t<\/div>\n\t\t\t\t<\/div>\n\t\t\t\t<\/div>","protected":false},"excerpt":{"rendered":"<p>Monica Gadea Munoz se compromete a mantener este sitio web actualizado y preciso. Si, a pesar de todo, encontrara algo incorrecto o desactualizado, le agradecer\u00edamos que nos lo hiciera saber. Por favor, indique en qu\u00e9 parte del sitio web ha le\u00eddo la informaci\u00f3n. Entonces lo examinaremos lo antes posible. Por favor, env\u00ede su duda por [&hellip;]<\/p>","protected":false},"author":1,"featured_media":0,"parent":0,"menu_order":0,"comment_status":"closed","ping_status":"closed","template":"","meta":{"_acf_changed":false,"_monsterinsights_skip_tracking":false,"_monsterinsights_sitenote_active":false,"_monsterinsights_sitenote_note":"","_monsterinsights_sitenote_category":0,"footnotes":""},"class_list":["post-1006","page","type-page","status-publish","hentry"],"acf":[],"yoast_head":"<!-- This site is optimized with the Yoast SEO plugin v26.4 - https:\/\/yoast.com\/wordpress\/plugins\/seo\/ -->\n<title>Aviso Legal - romanivilafranca.com<\/title>\n<meta name=\"robots\" content=\"index, follow, max-snippet:-1, max-image-preview:large, max-video-preview:-1\" \/>\n<link rel=\"canonical\" href=\"https:\/\/romanivilafranca.com\/ca\/aviso-legal\/\" \/>\n<meta property=\"og:locale\" content=\"ca_ES\" \/>\n<meta property=\"og:type\" content=\"article\" \/>\n<meta property=\"og:title\" content=\"Aviso Legal - romanivilafranca.com\" \/>\n<meta property=\"og:description\" content=\"Monica Gadea Munoz se compromete a mantener este sitio web actualizado y preciso. Si, a pesar de todo, encontrara algo incorrecto o desactualizado, le agradecer\u00edamos que nos lo hiciera saber. Por favor, indique en qu\u00e9 parte del sitio web ha le\u00eddo la informaci\u00f3n. Entonces lo examinaremos lo antes posible. Por favor, env\u00ede su duda por [&hellip;]\" \/>\n<meta property=\"og:url\" content=\"https:\/\/romanivilafranca.com\/ca\/aviso-legal\/\" \/>\n<meta property=\"og:site_name\" content=\"romanivilafranca.com\" \/>\n<meta property=\"article:modified_time\" content=\"2024-11-25T15:41:19+00:00\" \/>\n<meta property=\"og:image\" content=\"https:\/\/romanivilafranca.com\/wp-content\/uploads\/2024\/11\/pixelcut-export-1.jpeg\" \/>\n\t<meta property=\"og:image:width\" content=\"600\" \/>\n\t<meta property=\"og:image:height\" content=\"600\" \/>\n\t<meta property=\"og:image:type\" content=\"image\/jpeg\" \/>\n<meta name=\"twitter:card\" content=\"summary_large_image\" \/>\n<meta name=\"twitter:label1\" content=\"Temps estimat de lectura\" \/>\n\t<meta name=\"twitter:data1\" content=\"3 minuts\" \/>\n<script type=\"application\/ld+json\" class=\"yoast-schema-graph\">{\"@context\":\"https:\/\/schema.org\",\"@graph\":[{\"@type\":\"WebPage\",\"@id\":\"https:\/\/romanivilafranca.com\/aviso-legal\/\",\"url\":\"https:\/\/romanivilafranca.com\/aviso-legal\/\",\"name\":\"Aviso Legal - romanivilafranca.com\",\"isPartOf\":{\"@id\":\"https:\/\/romanivilafranca.com\/#website\"},\"datePublished\":\"2024-11-21T22:44:40+00:00\",\"dateModified\":\"2024-11-25T15:41:19+00:00\",\"breadcrumb\":{\"@id\":\"https:\/\/romanivilafranca.com\/aviso-legal\/#breadcrumb\"},\"inLanguage\":\"ca\",\"potentialAction\":[{\"@type\":\"ReadAction\",\"target\":[\"https:\/\/romanivilafranca.com\/aviso-legal\/\"]}]},{\"@type\":\"BreadcrumbList\",\"@id\":\"https:\/\/romanivilafranca.com\/aviso-legal\/#breadcrumb\",\"itemListElement\":[{\"@type\":\"ListItem\",\"position\":1,\"name\":\"Portada\",\"item\":\"https:\/\/romanivilafranca.com\/\"},{\"@type\":\"ListItem\",\"position\":2,\"name\":\"Aviso Legal\"}]},{\"@type\":\"WebSite\",\"@id\":\"https:\/\/romanivilafranca.com\/#website\",\"url\":\"https:\/\/romanivilafranca.com\/\",\"name\":\"romanivilafranca.com\",\"description\":\"\",\"publisher\":{\"@id\":\"https:\/\/romanivilafranca.com\/#organization\"},\"potentialAction\":[{\"@type\":\"SearchAction\",\"target\":{\"@type\":\"EntryPoint\",\"urlTemplate\":\"https:\/\/romanivilafranca.com\/?s={search_term_string}\"},\"query-input\":{\"@type\":\"PropertyValueSpecification\",\"valueRequired\":true,\"valueName\":\"search_term_string\"}}],\"inLanguage\":\"ca\"},{\"@type\":\"Organization\",\"@id\":\"https:\/\/romanivilafranca.com\/#organization\",\"name\":\"romanivilafranca.com\",\"url\":\"https:\/\/romanivilafranca.com\/\",\"logo\":{\"@type\":\"ImageObject\",\"inLanguage\":\"ca\",\"@id\":\"https:\/\/romanivilafranca.com\/#\/schema\/logo\/image\/\",\"url\":\"https:\/\/romanivilafranca.com\/wp-content\/uploads\/2024\/11\/pixelcut-export-1.jpeg\",\"contentUrl\":\"https:\/\/romanivilafranca.com\/wp-content\/uploads\/2024\/11\/pixelcut-export-1.jpeg\",\"width\":600,\"height\":600,\"caption\":\"romanivilafranca.com\"},\"image\":{\"@id\":\"https:\/\/romanivilafranca.com\/#\/schema\/logo\/image\/\"}}]}<\/script>\n<!-- \/ Yoast SEO plugin. -->","yoast_head_json":{"title":"Aviso Legal - romanivilafranca.com","robots":{"index":"index","follow":"follow","max-snippet":"max-snippet:-1","max-image-preview":"max-image-preview:large","max-video-preview":"max-video-preview:-1"},"canonical":"https:\/\/romanivilafranca.com\/ca\/aviso-legal\/","og_locale":"ca_ES","og_type":"article","og_title":"Aviso Legal - romanivilafranca.com","og_description":"Monica Gadea Munoz se compromete a mantener este sitio web actualizado y preciso. Si, a pesar de todo, encontrara algo incorrecto o desactualizado, le agradecer\u00edamos que nos lo hiciera saber. Por favor, indique en qu\u00e9 parte del sitio web ha le\u00eddo la informaci\u00f3n. Entonces lo examinaremos lo antes posible. Por favor, env\u00ede su duda por [&hellip;]","og_url":"https:\/\/romanivilafranca.com\/ca\/aviso-legal\/","og_site_name":"romanivilafranca.com","article_modified_time":"2024-11-25T15:41:19+00:00","og_image":[{"width":600,"height":600,"url":"https:\/\/romanivilafranca.com\/wp-content\/uploads\/2024\/11\/pixelcut-export-1.jpeg","type":"image\/jpeg"}],"twitter_card":"summary_large_image","twitter_misc":{"Temps estimat de lectura":"3 minuts"},"schema":{"@context":"https:\/\/schema.org","@graph":[{"@type":"WebPage","@id":"https:\/\/romanivilafranca.com\/aviso-legal\/","url":"https:\/\/romanivilafranca.com\/aviso-legal\/","name":"Aviso Legal - romanivilafranca.com","isPartOf":{"@id":"https:\/\/romanivilafranca.com\/#website"},"datePublished":"2024-11-21T22:44:40+00:00","dateModified":"2024-11-25T15:41:19+00:00","breadcrumb":{"@id":"https:\/\/romanivilafranca.com\/aviso-legal\/#breadcrumb"},"inLanguage":"ca","potentialAction":[{"@type":"ReadAction","target":["https:\/\/romanivilafranca.com\/aviso-legal\/"]}]},{"@type":"BreadcrumbList","@id":"https:\/\/romanivilafranca.com\/aviso-legal\/#breadcrumb","itemListElement":[{"@type":"ListItem","position":1,"name":"Portada","item":"https:\/\/romanivilafranca.com\/"},{"@type":"ListItem","position":2,"name":"Aviso Legal"}]},{"@type":"WebSite","@id":"https:\/\/romanivilafranca.com\/#website","url":"https:\/\/romanivilafranca.com\/","name":"romanivilafranca.com","description":"","publisher":{"@id":"https:\/\/romanivilafranca.com\/#organization"},"potentialAction":[{"@type":"SearchAction","target":{"@type":"EntryPoint","urlTemplate":"https:\/\/romanivilafranca.com\/?s={search_term_string}"},"query-input":{"@type":"PropertyValueSpecification","valueRequired":true,"valueName":"search_term_string"}}],"inLanguage":"ca"},{"@type":"Organization","@id":"https:\/\/romanivilafranca.com\/#organization","name":"romanivilafranca.com","url":"https:\/\/romanivilafranca.com\/","logo":{"@type":"ImageObject","inLanguage":"ca","@id":"https:\/\/romanivilafranca.com\/#\/schema\/logo\/image\/","url":"https:\/\/romanivilafranca.com\/wp-content\/uploads\/2024\/11\/pixelcut-export-1.jpeg","contentUrl":"https:\/\/romanivilafranca.com\/wp-content\/uploads\/2024\/11\/pixelcut-export-1.jpeg","width":600,"height":600,"caption":"romanivilafranca.com"},"image":{"@id":"https:\/\/romanivilafranca.com\/#\/schema\/logo\/image\/"}}]}},"_links":{"self":[{"href":"https:\/\/romanivilafranca.com\/ca\/wp-json\/wp\/v2\/pages\/1006","targetHints":{"allow":["GET"]}}],"collection":[{"href":"https:\/\/romanivilafranca.com\/ca\/wp-json\/wp\/v2\/pages"}],"about":[{"href":"https:\/\/romanivilafranca.com\/ca\/wp-json\/wp\/v2\/types\/page"}],"author":[{"embeddable":true,"href":"https:\/\/romanivilafranca.com\/ca\/wp-json\/wp\/v2\/users\/1"}],"replies":[{"embeddable":true,"href":"https:\/\/romanivilafranca.com\/ca\/wp-json\/wp\/v2\/comments?post=1006"}],"version-history":[{"count":10,"href":"https:\/\/romanivilafranca.com\/ca\/wp-json\/wp\/v2\/pages\/1006\/revisions"}],"predecessor-version":[{"id":1522,"href":"https:\/\/romanivilafranca.com\/ca\/wp-json\/wp\/v2\/pages\/1006\/revisions\/1522"}],"wp:attachment":[{"href":"https:\/\/romanivilafranca.com\/ca\/wp-json\/wp\/v2\/media?parent=1006"}],"curies":[{"name":"wp","href":"https:\/\/api.w.org\/{rel}","templated":true}]}}