{"id":1011,"date":"2024-11-21T22:45:20","date_gmt":"2024-11-21T22:45:20","guid":{"rendered":"https:\/\/romanivilafranca.com\/?page_id=1011"},"modified":"2024-11-28T01:13:34","modified_gmt":"2024-11-28T00:13:34","slug":"sitemap","status":"publish","type":"page","link":"https:\/\/romanivilafranca.com\/ca\/sitemap\/","title":{"rendered":"Sitemap"},"content":{"rendered":"<div data-elementor-type=\"wp-page\" data-elementor-id=\"1011\" class=\"elementor elementor-1011\">\n\t\t\t\t<div class=\"elementor-element elementor-element-241e4618 e-flex e-con-boxed e-con e-parent\" data-id=\"241e4618\" data-element_type=\"container\">\n\t\t\t\t\t<div class=\"e-con-inner\">\n\t\t\t\t<div class=\"elementor-element elementor-element-37f66760 elementor-widget elementor-widget-text-editor\" data-id=\"37f66760\" data-element_type=\"widget\" data-widget_type=\"text-editor.default\">\n\t\t\t\t<div class=\"elementor-widget-container\">\n\t\t\t\t\t\t\t\t\t<div id=\"termsContainer\"><p><a href=\"https:\/\/romanivilafranca.com\/ca\/terminos-y-condiciones\/\">Termes i Condicions<\/a><br \/><a href=\"https:\/\/romanivilafranca.com\/ca\/politica-de-privacidad\/\">Pol\u00edtica de Privacitat<\/a><br \/><a href=\"https:\/\/romanivilafranca.com\/ca\/politica-de-cookies\/\">Pol\u00edtica de Cookies<\/a><br \/><a href=\"https:\/\/romanivilafranca.com\/ca\/accesibilidad\/\">Accessibilitat<\/a><br \/><a href=\"https:\/\/romanivilafranca.com\/ca\/aviso-legal\/\">Av\u00eds Legal<\/a><br \/><a href=\"https:\/\/romanivilafranca.com\/ca\/contacto\/\">Contacte<\/a><br \/><a href=\"https:\/\/romanivilafranca.com\/ca\/reservar\/\">Reservar<\/a><br \/><a href=\"https:\/\/romanivilafranca.com\/ca\/eventos\/\">Esdeveniments<\/a><br \/><a href=\"https:\/\/romanivilafranca.com\/ca\/\">Inici<\/a><\/p><\/div>\t\t\t\t\t\t\t\t<\/div>\n\t\t\t\t<\/div>\n\t\t\t\t\t<\/div>\n\t\t\t\t<\/div>\n\t\t\t\t<\/div>","protected":false},"excerpt":{"rendered":"<p>T\u00e9rminos y CondicionesPol\u00edtica de PrivacidadPol\u00edtica de CookiesAccesibilidadAviso LegalContactoReservarEventosInicio<\/p>","protected":false},"author":1,"featured_media":0,"parent":0,"menu_order":0,"comment_status":"closed","ping_status":"closed","template":"","meta":{"_acf_changed":false,"_monsterinsights_skip_tracking":false,"_monsterinsights_sitenote_active":false,"_monsterinsights_sitenote_note":"","_monsterinsights_sitenote_category":0,"footnotes":""},"class_list":["post-1011","page","type-page","status-publish","hentry"],"acf":[],"yoast_head":"<!-- This site is optimized with the Yoast SEO plugin v26.4 - https:\/\/yoast.com\/wordpress\/plugins\/seo\/ -->\n<title>Sitemap - romanivilafranca.com<\/title>\n<meta name=\"robots\" content=\"index, follow, max-snippet:-1, max-image-preview:large, max-video-preview:-1\" \/>\n<link rel=\"canonical\" href=\"https:\/\/romanivilafranca.com\/ca\/sitemap\/\" \/>\n<meta property=\"og:locale\" content=\"ca_ES\" \/>\n<meta property=\"og:type\" content=\"article\" \/>\n<meta property=\"og:title\" content=\"Sitemap - romanivilafranca.com\" \/>\n<meta property=\"og:description\" content=\"T\u00e9rminos y CondicionesPol\u00edtica de PrivacidadPol\u00edtica de CookiesAccesibilidadAviso LegalContactoReservarEventosInicio\" \/>\n<meta property=\"og:url\" content=\"https:\/\/romanivilafranca.com\/ca\/sitemap\/\" \/>\n<meta property=\"og:site_name\" content=\"romanivilafranca.com\" \/>\n<meta property=\"article:modified_time\" content=\"2024-11-28T00:13:34+00:00\" \/>\n<meta property=\"og:image\" content=\"https:\/\/romanivilafranca.com\/wp-content\/uploads\/2024\/11\/pixelcut-export-1.jpeg\" \/>\n\t<meta property=\"og:image:width\" content=\"600\" \/>\n\t<meta property=\"og:image:height\" content=\"600\" \/>\n\t<meta property=\"og:image:type\" content=\"image\/jpeg\" \/>\n<meta name=\"twitter:card\" content=\"summary_large_image\" \/>\n<script type=\"application\/ld+json\" class=\"yoast-schema-graph\">{\"@context\":\"https:\/\/schema.org\",\"@graph\":[{\"@type\":\"WebPage\",\"@id\":\"https:\/\/romanivilafranca.com\/sitemap\/\",\"url\":\"https:\/\/romanivilafranca.com\/sitemap\/\",\"name\":\"Sitemap - romanivilafranca.com\",\"isPartOf\":{\"@id\":\"https:\/\/romanivilafranca.com\/#website\"},\"datePublished\":\"2024-11-21T22:45:20+00:00\",\"dateModified\":\"2024-11-28T00:13:34+00:00\",\"breadcrumb\":{\"@id\":\"https:\/\/romanivilafranca.com\/sitemap\/#breadcrumb\"},\"inLanguage\":\"ca\",\"potentialAction\":[{\"@type\":\"ReadAction\",\"target\":[\"https:\/\/romanivilafranca.com\/sitemap\/\"]}]},{\"@type\":\"BreadcrumbList\",\"@id\":\"https:\/\/romanivilafranca.com\/sitemap\/#breadcrumb\",\"itemListElement\":[{\"@type\":\"ListItem\",\"position\":1,\"name\":\"Portada\",\"item\":\"https:\/\/romanivilafranca.com\/\"},{\"@type\":\"ListItem\",\"position\":2,\"name\":\"Sitemap\"}]},{\"@type\":\"WebSite\",\"@id\":\"https:\/\/romanivilafranca.com\/#website\",\"url\":\"https:\/\/romanivilafranca.com\/\",\"name\":\"romanivilafranca.com\",\"description\":\"\",\"publisher\":{\"@id\":\"https:\/\/romanivilafranca.com\/#organization\"},\"potentialAction\":[{\"@type\":\"SearchAction\",\"target\":{\"@type\":\"EntryPoint\",\"urlTemplate\":\"https:\/\/romanivilafranca.com\/?s={search_term_string}\"},\"query-input\":{\"@type\":\"PropertyValueSpecification\",\"valueRequired\":true,\"valueName\":\"search_term_string\"}}],\"inLanguage\":\"ca\"},{\"@type\":\"Organization\",\"@id\":\"https:\/\/romanivilafranca.com\/#organization\",\"name\":\"romanivilafranca.com\",\"url\":\"https:\/\/romanivilafranca.com\/\",\"logo\":{\"@type\":\"ImageObject\",\"inLanguage\":\"ca\",\"@id\":\"https:\/\/romanivilafranca.com\/#\/schema\/logo\/image\/\",\"url\":\"https:\/\/romanivilafranca.com\/wp-content\/uploads\/2024\/11\/pixelcut-export-1.jpeg\",\"contentUrl\":\"https:\/\/romanivilafranca.com\/wp-content\/uploads\/2024\/11\/pixelcut-export-1.jpeg\",\"width\":600,\"height\":600,\"caption\":\"romanivilafranca.com\"},\"image\":{\"@id\":\"https:\/\/romanivilafranca.com\/#\/schema\/logo\/image\/\"}}]}<\/script>\n<!-- \/ Yoast SEO plugin. -->","yoast_head_json":{"title":"Sitemap - romanivilafranca.com","robots":{"index":"index","follow":"follow","max-snippet":"max-snippet:-1","max-image-preview":"max-image-preview:large","max-video-preview":"max-video-preview:-1"},"canonical":"https:\/\/romanivilafranca.com\/ca\/sitemap\/","og_locale":"ca_ES","og_type":"article","og_title":"Sitemap - romanivilafranca.com","og_description":"T\u00e9rminos y CondicionesPol\u00edtica de PrivacidadPol\u00edtica de CookiesAccesibilidadAviso LegalContactoReservarEventosInicio","og_url":"https:\/\/romanivilafranca.com\/ca\/sitemap\/","og_site_name":"romanivilafranca.com","article_modified_time":"2024-11-28T00:13:34+00:00","og_image":[{"width":600,"height":600,"url":"https:\/\/romanivilafranca.com\/wp-content\/uploads\/2024\/11\/pixelcut-export-1.jpeg","type":"image\/jpeg"}],"twitter_card":"summary_large_image","schema":{"@context":"https:\/\/schema.org","@graph":[{"@type":"WebPage","@id":"https:\/\/romanivilafranca.com\/sitemap\/","url":"https:\/\/romanivilafranca.com\/sitemap\/","name":"Sitemap - romanivilafranca.com","isPartOf":{"@id":"https:\/\/romanivilafranca.com\/#website"},"datePublished":"2024-11-21T22:45:20+00:00","dateModified":"2024-11-28T00:13:34+00:00","breadcrumb":{"@id":"https:\/\/romanivilafranca.com\/sitemap\/#breadcrumb"},"inLanguage":"ca","potentialAction":[{"@type":"ReadAction","target":["https:\/\/romanivilafranca.com\/sitemap\/"]}]},{"@type":"BreadcrumbList","@id":"https:\/\/romanivilafranca.com\/sitemap\/#breadcrumb","itemListElement":[{"@type":"ListItem","position":1,"name":"Portada","item":"https:\/\/romanivilafranca.com\/"},{"@type":"ListItem","position":2,"name":"Sitemap"}]},{"@type":"WebSite","@id":"https:\/\/romanivilafranca.com\/#website","url":"https:\/\/romanivilafranca.com\/","name":"romanivilafranca.com","description":"","publisher":{"@id":"https:\/\/romanivilafranca.com\/#organization"},"potentialAction":[{"@type":"SearchAction","target":{"@type":"EntryPoint","urlTemplate":"https:\/\/romanivilafranca.com\/?s={search_term_string}"},"query-input":{"@type":"PropertyValueSpecification","valueRequired":true,"valueName":"search_term_string"}}],"inLanguage":"ca"},{"@type":"Organization","@id":"https:\/\/romanivilafranca.com\/#organization","name":"romanivilafranca.com","url":"https:\/\/romanivilafranca.com\/","logo":{"@type":"ImageObject","inLanguage":"ca","@id":"https:\/\/romanivilafranca.com\/#\/schema\/logo\/image\/","url":"https:\/\/romanivilafranca.com\/wp-content\/uploads\/2024\/11\/pixelcut-export-1.jpeg","contentUrl":"https:\/\/romanivilafranca.com\/wp-content\/uploads\/2024\/11\/pixelcut-export-1.jpeg","width":600,"height":600,"caption":"romanivilafranca.com"},"image":{"@id":"https:\/\/romanivilafranca.com\/#\/schema\/logo\/image\/"}}]}},"_links":{"self":[{"href":"https:\/\/romanivilafranca.com\/ca\/wp-json\/wp\/v2\/pages\/1011","targetHints":{"allow":["GET"]}}],"collection":[{"href":"https:\/\/romanivilafranca.com\/ca\/wp-json\/wp\/v2\/pages"}],"about":[{"href":"https:\/\/romanivilafranca.com\/ca\/wp-json\/wp\/v2\/types\/page"}],"author":[{"embeddable":true,"href":"https:\/\/romanivilafranca.com\/ca\/wp-json\/wp\/v2\/users\/1"}],"replies":[{"embeddable":true,"href":"https:\/\/romanivilafranca.com\/ca\/wp-json\/wp\/v2\/comments?post=1011"}],"version-history":[{"count":22,"href":"https:\/\/romanivilafranca.com\/ca\/wp-json\/wp\/v2\/pages\/1011\/revisions"}],"predecessor-version":[{"id":2565,"href":"https:\/\/romanivilafranca.com\/ca\/wp-json\/wp\/v2\/pages\/1011\/revisions\/2565"}],"wp:attachment":[{"href":"https:\/\/romanivilafranca.com\/ca\/wp-json\/wp\/v2\/media?parent=1011"}],"curies":[{"name":"wp","href":"https:\/\/api.w.org\/{rel}","templated":true}]}}