{"id":2302,"date":"2024-11-27T11:54:02","date_gmt":"2024-11-27T11:54:02","guid":{"rendered":"https:\/\/romanivilafranca.com\/?page_id=2302"},"modified":"2025-10-03T21:18:41","modified_gmt":"2025-10-03T19:18:41","slug":"eventos","status":"publish","type":"page","link":"https:\/\/romanivilafranca.com\/ca\/eventos\/","title":{"rendered":"Esdeveniments"},"content":{"rendered":"<div data-elementor-type=\"wp-page\" data-elementor-id=\"2302\" class=\"elementor elementor-2302\">\n\t\t\t\t<div class=\"elementor-element elementor-element-c509fb4 e-con-full e-flex e-con e-parent\" data-id=\"c509fb4\" data-element_type=\"container\">\n\t\t<div class=\"elementor-element elementor-element-e4f283b e-flex e-con-boxed e-con e-child\" data-id=\"e4f283b\" data-element_type=\"container\">\n\t\t\t\t\t<div class=\"e-con-inner\">\n\t\t\t\t<div class=\"elementor-element elementor-element-020d05f elementor-pagination-position-inside elementor-arrows-position-inside elementor-widget elementor-widget-image-carousel\" data-id=\"020d05f\" data-element_type=\"widget\" data-settings=\"{&quot;slides_to_show&quot;:&quot;1&quot;,&quot;speed&quot;:700,&quot;navigation&quot;:&quot;both&quot;,&quot;autoplay&quot;:&quot;yes&quot;,&quot;pause_on_hover&quot;:&quot;yes&quot;,&quot;pause_on_interaction&quot;:&quot;yes&quot;,&quot;autoplay_speed&quot;:5000,&quot;infinite&quot;:&quot;yes&quot;,&quot;effect&quot;:&quot;slide&quot;}\" data-widget_type=\"image-carousel.default\">\n\t\t\t\t<div class=\"elementor-widget-container\">\n\t\t\t\t\t\t\t<div class=\"elementor-image-carousel-wrapper swiper\" role=\"region\" aria-roledescription=\"carousel\" aria-label=\"Carrusel de im\u00e1genes\" dir=\"ltr\">\n\t\t\t<div class=\"elementor-image-carousel swiper-wrapper\" aria-live=\"off\">\n\t\t\t\t\t\t\t\t<div class=\"swiper-slide\" role=\"group\" aria-roledescription=\"slide\" aria-label=\"1 de 8\"><figure class=\"swiper-slide-inner\"><img decoding=\"async\" class=\"swiper-slide-image\" src=\"https:\/\/romanivilafranca.com\/wp-content\/uploads\/2024\/11\/WhatsApp-Image-2024-11-27-at-12.32.46-PM-682x1024.jpeg\" alt=\"Bar Roman\u00ed Vilafranca Sala 1\" \/><\/figure><\/div><div class=\"swiper-slide\" role=\"group\" aria-roledescription=\"slide\" aria-label=\"2 de 8\"><figure class=\"swiper-slide-inner\"><img decoding=\"async\" class=\"swiper-slide-image\" src=\"https:\/\/romanivilafranca.com\/wp-content\/uploads\/2024\/11\/WhatsApp-Image-2024-11-27-at-12.32.46-PM-1-682x1024.jpeg\" alt=\"Bar Romani VIlafranca Sala Biblioteca\" \/><\/figure><\/div><div class=\"swiper-slide\" role=\"group\" aria-roledescription=\"slide\" aria-label=\"3 de 8\"><figure class=\"swiper-slide-inner\"><img decoding=\"async\" class=\"swiper-slide-image\" src=\"https:\/\/romanivilafranca.com\/wp-content\/uploads\/2024\/11\/WhatsApp-Image-2024-11-27-at-12.32.48-PM-682x1024.jpeg\" alt=\"Bar Romani Vilafranca Barra\" \/><\/figure><\/div><div class=\"swiper-slide\" role=\"group\" aria-roledescription=\"slide\" aria-label=\"4 de 8\"><figure class=\"swiper-slide-inner\"><img decoding=\"async\" class=\"swiper-slide-image\" src=\"https:\/\/romanivilafranca.com\/wp-content\/uploads\/2024\/11\/WhatsApp-Image-2024-11-27-at-12.32.45-PM-1-682x1024.jpeg\" alt=\"Bar Romani Vilafranca Sala 2\" \/><\/figure><\/div><div class=\"swiper-slide\" role=\"group\" aria-roledescription=\"slide\" aria-label=\"5 de 8\"><figure class=\"swiper-slide-inner\"><img decoding=\"async\" class=\"swiper-slide-image\" src=\"https:\/\/romanivilafranca.com\/wp-content\/uploads\/2024\/11\/WhatsApp-Image-2024-11-27-at-12.32.44-PM-682x1024.jpeg\" alt=\"Bar Romani Vilafranca Sala 2\" \/><\/figure><\/div><div class=\"swiper-slide\" role=\"group\" aria-roledescription=\"slide\" aria-label=\"6 de 8\"><figure class=\"swiper-slide-inner\"><img decoding=\"async\" class=\"swiper-slide-image\" src=\"https:\/\/romanivilafranca.com\/wp-content\/uploads\/2024\/11\/WhatsApp-Image-2024-11-27-at-12.32.43-PM-682x1024.jpeg\" alt=\"Bar Romani Vilafranca\" \/><\/figure><\/div><div class=\"swiper-slide\" role=\"group\" aria-roledescription=\"slide\" aria-label=\"7 de 8\"><figure class=\"swiper-slide-inner\"><img decoding=\"async\" class=\"swiper-slide-image\" src=\"https:\/\/romanivilafranca.com\/wp-content\/uploads\/2024\/11\/WhatsApp-Image-2024-11-27-at-12.32.45-PM-682x1024.jpeg\" alt=\"Bar Romani Vilafranca Sala 2\" \/><\/figure><\/div><div class=\"swiper-slide\" role=\"group\" aria-roledescription=\"slide\" aria-label=\"8 de 8\"><figure class=\"swiper-slide-inner\"><img decoding=\"async\" class=\"swiper-slide-image\" src=\"https:\/\/romanivilafranca.com\/wp-content\/uploads\/2024\/11\/WhatsApp-Image-2024-11-27-at-12.32.47-PM-682x1024.jpeg\" alt=\"Bar Romani Vilafranca\" \/><\/figure><\/div>\t\t\t<\/div>\n\t\t\t\t\t\t\t\t\t\t\t\t<div class=\"elementor-swiper-button elementor-swiper-button-prev\" role=\"button\" tabindex=\"0\">\n\t\t\t\t\t\t<svg aria-hidden=\"true\" class=\"e-font-icon-svg e-eicon-chevron-left\" viewbox=\"0 0 1000 1000\" xmlns=\"http:\/\/www.w3.org\/2000\/svg\"><path d=\"M646 125C629 125 613 133 604 142L308 442C296 454 292 471 292 487 292 504 296 521 308 533L604 854C617 867 629 875 646 875 663 875 679 871 692 858 704 846 713 829 713 812 713 796 708 779 692 767L438 487 692 225C700 217 708 204 708 187 708 171 704 154 692 142 675 129 663 125 646 125Z\"><\/path><\/svg>\t\t\t\t\t<\/div>\n\t\t\t\t\t<div class=\"elementor-swiper-button elementor-swiper-button-next\" role=\"button\" tabindex=\"0\">\n\t\t\t\t\t\t<svg aria-hidden=\"true\" class=\"e-font-icon-svg e-eicon-chevron-right\" viewbox=\"0 0 1000 1000\" xmlns=\"http:\/\/www.w3.org\/2000\/svg\"><path d=\"M696 533C708 521 713 504 713 487 713 471 708 454 696 446L400 146C388 133 375 125 354 125 338 125 325 129 313 142 300 154 292 171 292 187 292 204 296 221 308 233L563 492 304 771C292 783 288 800 288 817 288 833 296 850 308 863 321 871 338 875 354 875 371 875 388 867 400 854L696 533Z\"><\/path><\/svg>\t\t\t\t\t<\/div>\n\t\t\t\t\n\t\t\t\t\t\t\t\t\t<div class=\"swiper-pagination\"><\/div>\n\t\t\t\t\t\t\t\t\t<\/div>\n\t\t\t\t\t\t<\/div>\n\t\t\t\t<\/div>\n\t\t\t\t\t<\/div>\n\t\t\t\t<\/div>\n\t\t\t\t<div class=\"elementor-element elementor-element-a3ccff0 elementor-widget__width-initial elementor-widget-mobile__width-initial elementor-widget elementor-widget-text-editor\" data-id=\"a3ccff0\" data-element_type=\"widget\" data-widget_type=\"text-editor.default\">\n\t\t\t\t<div class=\"elementor-widget-container\">\n\t\t\t\t\t\t\t\t\t<p>Al Roman\u00ed trobar\u00e0s l'espai perfecte per a qualsevol ocasi\u00f3. Ja sigui per a una reuni\u00f3 de feina a la nostra sala privada, un sopar d'empresa, un aniversari o una tarda tranquil\u00b7la d'hivern amb una tassa de te o caf\u00e8.\u00a0<br \/>T'oferim un ambient acollidor i vers\u00e0til, ideal per celebrar el que m\u00e9s t'agradi. A m\u00e9s, disposem d'una petita biblioteca on podr\u00e0s relaxar-te, llegir un bon llibre o gaudir dels nostres jocs de taula en bona companyia.\u00a0<\/p><p>Para m\u00e1s informaci\u00f3n sobre eventos o reservas, no dudes en contactarnos por WhatsApp.<\/p>\t\t\t\t\t\t\t\t<\/div>\n\t\t\t\t<\/div>\n\t\t\t\t<div class=\"elementor-element elementor-element-4cc0a34 elementor-align-right elementor-widget__width-initial elementor-absolute elementor-widget elementor-widget-button\" data-id=\"4cc0a34\" data-element_type=\"widget\" data-settings=\"{&quot;_position&quot;:&quot;absolute&quot;,&quot;_animation&quot;:&quot;none&quot;}\" data-widget_type=\"button.default\">\n\t\t\t\t<div class=\"elementor-widget-container\">\n\t\t\t\t\t\t\t\t\t<div class=\"elementor-button-wrapper\">\n\t\t\t\t\t<a class=\"elementor-button elementor-button-link elementor-size-sm elementor-animation-grow\" href=\"\" target=\"_blank\">\n\t\t\t\t\t\t<span class=\"elementor-button-content-wrapper\">\n\t\t\t\t\t\t\t\t\t<span class=\"elementor-button-text\">RESERVAR<\/span>\n\t\t\t\t\t<\/span>\n\t\t\t\t\t<\/a>\n\t\t\t\t<\/div>\n\t\t\t\t\t\t\t\t<\/div>\n\t\t\t\t<\/div>\n\t\t\t\t<\/div>\n\t\t\t\t<\/div>","protected":false},"excerpt":{"rendered":"<p>En el Roman\u00ed encontrar\u00e1s el espacio perfecto para cualquier ocasi\u00f3n. Ya sea para una reuni\u00f3n de trabajo en nuestra sala privada, una cena de empresa, un cumplea\u00f1os o una tarde tranquila de invierno con una taza de t\u00e9 o caf\u00e9.\u00a0Te ofrecemos un ambiente acogedor y vers\u00e1til, ideal para celebrar lo que m\u00e1s te gusta. Adem\u00e1s, [&hellip;]<\/p>","protected":false},"author":1,"featured_media":0,"parent":0,"menu_order":0,"comment_status":"closed","ping_status":"closed","template":"elementor_header_footer","meta":{"_acf_changed":false,"_monsterinsights_skip_tracking":false,"_monsterinsights_sitenote_active":false,"_monsterinsights_sitenote_note":"","_monsterinsights_sitenote_category":0,"footnotes":""},"class_list":["post-2302","page","type-page","status-publish","hentry"],"acf":[],"yoast_head":"<!-- This site is optimized with the Yoast SEO plugin v26.4 - https:\/\/yoast.com\/wordpress\/plugins\/seo\/ -->\n<title>Eventos - romanivilafranca.com<\/title>\n<meta name=\"robots\" content=\"index, follow, max-snippet:-1, max-image-preview:large, max-video-preview:-1\" \/>\n<link rel=\"canonical\" href=\"https:\/\/romanivilafranca.com\/ca\/eventos\/\" \/>\n<meta property=\"og:locale\" content=\"ca_ES\" \/>\n<meta property=\"og:type\" content=\"article\" \/>\n<meta property=\"og:title\" content=\"Eventos - romanivilafranca.com\" \/>\n<meta property=\"og:description\" content=\"En el Roman\u00ed encontrar\u00e1s el espacio perfecto para cualquier ocasi\u00f3n. Ya sea para una reuni\u00f3n de trabajo en nuestra sala privada, una cena de empresa, un cumplea\u00f1os o una tarde tranquila de invierno con una taza de t\u00e9 o caf\u00e9.\u00a0Te ofrecemos un ambiente acogedor y vers\u00e1til, ideal para celebrar lo que m\u00e1s te gusta. Adem\u00e1s, [&hellip;]\" \/>\n<meta property=\"og:url\" content=\"https:\/\/romanivilafranca.com\/ca\/eventos\/\" \/>\n<meta property=\"og:site_name\" content=\"romanivilafranca.com\" \/>\n<meta property=\"article:modified_time\" content=\"2025-10-03T19:18:41+00:00\" \/>\n<meta property=\"og:image\" content=\"https:\/\/romanivilafranca.com\/wp-content\/uploads\/2024\/11\/WhatsApp-Image-2024-11-27-at-12.32.46-PM-682x1024.jpeg\" \/>\n<meta name=\"twitter:card\" content=\"summary_large_image\" \/>\n<meta name=\"twitter:label1\" content=\"Temps estimat de lectura\" \/>\n\t<meta name=\"twitter:data1\" content=\"1 minut\" \/>\n<script type=\"application\/ld+json\" class=\"yoast-schema-graph\">{\"@context\":\"https:\/\/schema.org\",\"@graph\":[{\"@type\":\"WebPage\",\"@id\":\"https:\/\/romanivilafranca.com\/eventos\/\",\"url\":\"https:\/\/romanivilafranca.com\/eventos\/\",\"name\":\"Eventos - romanivilafranca.com\",\"isPartOf\":{\"@id\":\"https:\/\/romanivilafranca.com\/#website\"},\"primaryImageOfPage\":{\"@id\":\"https:\/\/romanivilafranca.com\/eventos\/#primaryimage\"},\"image\":{\"@id\":\"https:\/\/romanivilafranca.com\/eventos\/#primaryimage\"},\"thumbnailUrl\":\"https:\/\/romanivilafranca.com\/wp-content\/uploads\/2024\/11\/WhatsApp-Image-2024-11-27-at-12.32.46-PM-682x1024.jpeg\",\"datePublished\":\"2024-11-27T11:54:02+00:00\",\"dateModified\":\"2025-10-03T19:18:41+00:00\",\"breadcrumb\":{\"@id\":\"https:\/\/romanivilafranca.com\/eventos\/#breadcrumb\"},\"inLanguage\":\"ca\",\"potentialAction\":[{\"@type\":\"ReadAction\",\"target\":[\"https:\/\/romanivilafranca.com\/eventos\/\"]}]},{\"@type\":\"ImageObject\",\"inLanguage\":\"ca\",\"@id\":\"https:\/\/romanivilafranca.com\/eventos\/#primaryimage\",\"url\":\"https:\/\/romanivilafranca.com\/wp-content\/uploads\/2024\/11\/WhatsApp-Image-2024-11-27-at-12.32.46-PM-682x1024.jpeg\",\"contentUrl\":\"https:\/\/romanivilafranca.com\/wp-content\/uploads\/2024\/11\/WhatsApp-Image-2024-11-27-at-12.32.46-PM-682x1024.jpeg\"},{\"@type\":\"BreadcrumbList\",\"@id\":\"https:\/\/romanivilafranca.com\/eventos\/#breadcrumb\",\"itemListElement\":[{\"@type\":\"ListItem\",\"position\":1,\"name\":\"Portada\",\"item\":\"https:\/\/romanivilafranca.com\/\"},{\"@type\":\"ListItem\",\"position\":2,\"name\":\"Eventos\"}]},{\"@type\":\"WebSite\",\"@id\":\"https:\/\/romanivilafranca.com\/#website\",\"url\":\"https:\/\/romanivilafranca.com\/\",\"name\":\"romanivilafranca.com\",\"description\":\"\",\"publisher\":{\"@id\":\"https:\/\/romanivilafranca.com\/#organization\"},\"potentialAction\":[{\"@type\":\"SearchAction\",\"target\":{\"@type\":\"EntryPoint\",\"urlTemplate\":\"https:\/\/romanivilafranca.com\/?s={search_term_string}\"},\"query-input\":{\"@type\":\"PropertyValueSpecification\",\"valueRequired\":true,\"valueName\":\"search_term_string\"}}],\"inLanguage\":\"ca\"},{\"@type\":\"Organization\",\"@id\":\"https:\/\/romanivilafranca.com\/#organization\",\"name\":\"romanivilafranca.com\",\"url\":\"https:\/\/romanivilafranca.com\/\",\"logo\":{\"@type\":\"ImageObject\",\"inLanguage\":\"ca\",\"@id\":\"https:\/\/romanivilafranca.com\/#\/schema\/logo\/image\/\",\"url\":\"https:\/\/romanivilafranca.com\/wp-content\/uploads\/2024\/11\/pixelcut-export-1.jpeg\",\"contentUrl\":\"https:\/\/romanivilafranca.com\/wp-content\/uploads\/2024\/11\/pixelcut-export-1.jpeg\",\"width\":600,\"height\":600,\"caption\":\"romanivilafranca.com\"},\"image\":{\"@id\":\"https:\/\/romanivilafranca.com\/#\/schema\/logo\/image\/\"}}]}<\/script>\n<!-- \/ Yoast SEO plugin. -->","yoast_head_json":{"title":"Eventos - romanivilafranca.com","robots":{"index":"index","follow":"follow","max-snippet":"max-snippet:-1","max-image-preview":"max-image-preview:large","max-video-preview":"max-video-preview:-1"},"canonical":"https:\/\/romanivilafranca.com\/ca\/eventos\/","og_locale":"ca_ES","og_type":"article","og_title":"Eventos - romanivilafranca.com","og_description":"En el Roman\u00ed encontrar\u00e1s el espacio perfecto para cualquier ocasi\u00f3n. Ya sea para una reuni\u00f3n de trabajo en nuestra sala privada, una cena de empresa, un cumplea\u00f1os o una tarde tranquila de invierno con una taza de t\u00e9 o caf\u00e9.\u00a0Te ofrecemos un ambiente acogedor y vers\u00e1til, ideal para celebrar lo que m\u00e1s te gusta. Adem\u00e1s, [&hellip;]","og_url":"https:\/\/romanivilafranca.com\/ca\/eventos\/","og_site_name":"romanivilafranca.com","article_modified_time":"2025-10-03T19:18:41+00:00","og_image":[{"url":"https:\/\/romanivilafranca.com\/wp-content\/uploads\/2024\/11\/WhatsApp-Image-2024-11-27-at-12.32.46-PM-682x1024.jpeg","type":"","width":"","height":""}],"twitter_card":"summary_large_image","twitter_misc":{"Temps estimat de lectura":"1 minut"},"schema":{"@context":"https:\/\/schema.org","@graph":[{"@type":"WebPage","@id":"https:\/\/romanivilafranca.com\/eventos\/","url":"https:\/\/romanivilafranca.com\/eventos\/","name":"Eventos - romanivilafranca.com","isPartOf":{"@id":"https:\/\/romanivilafranca.com\/#website"},"primaryImageOfPage":{"@id":"https:\/\/romanivilafranca.com\/eventos\/#primaryimage"},"image":{"@id":"https:\/\/romanivilafranca.com\/eventos\/#primaryimage"},"thumbnailUrl":"https:\/\/romanivilafranca.com\/wp-content\/uploads\/2024\/11\/WhatsApp-Image-2024-11-27-at-12.32.46-PM-682x1024.jpeg","datePublished":"2024-11-27T11:54:02+00:00","dateModified":"2025-10-03T19:18:41+00:00","breadcrumb":{"@id":"https:\/\/romanivilafranca.com\/eventos\/#breadcrumb"},"inLanguage":"ca","potentialAction":[{"@type":"ReadAction","target":["https:\/\/romanivilafranca.com\/eventos\/"]}]},{"@type":"ImageObject","inLanguage":"ca","@id":"https:\/\/romanivilafranca.com\/eventos\/#primaryimage","url":"https:\/\/romanivilafranca.com\/wp-content\/uploads\/2024\/11\/WhatsApp-Image-2024-11-27-at-12.32.46-PM-682x1024.jpeg","contentUrl":"https:\/\/romanivilafranca.com\/wp-content\/uploads\/2024\/11\/WhatsApp-Image-2024-11-27-at-12.32.46-PM-682x1024.jpeg"},{"@type":"BreadcrumbList","@id":"https:\/\/romanivilafranca.com\/eventos\/#breadcrumb","itemListElement":[{"@type":"ListItem","position":1,"name":"Portada","item":"https:\/\/romanivilafranca.com\/"},{"@type":"ListItem","position":2,"name":"Eventos"}]},{"@type":"WebSite","@id":"https:\/\/romanivilafranca.com\/#website","url":"https:\/\/romanivilafranca.com\/","name":"romanivilafranca.com","description":"","publisher":{"@id":"https:\/\/romanivilafranca.com\/#organization"},"potentialAction":[{"@type":"SearchAction","target":{"@type":"EntryPoint","urlTemplate":"https:\/\/romanivilafranca.com\/?s={search_term_string}"},"query-input":{"@type":"PropertyValueSpecification","valueRequired":true,"valueName":"search_term_string"}}],"inLanguage":"ca"},{"@type":"Organization","@id":"https:\/\/romanivilafranca.com\/#organization","name":"romanivilafranca.com","url":"https:\/\/romanivilafranca.com\/","logo":{"@type":"ImageObject","inLanguage":"ca","@id":"https:\/\/romanivilafranca.com\/#\/schema\/logo\/image\/","url":"https:\/\/romanivilafranca.com\/wp-content\/uploads\/2024\/11\/pixelcut-export-1.jpeg","contentUrl":"https:\/\/romanivilafranca.com\/wp-content\/uploads\/2024\/11\/pixelcut-export-1.jpeg","width":600,"height":600,"caption":"romanivilafranca.com"},"image":{"@id":"https:\/\/romanivilafranca.com\/#\/schema\/logo\/image\/"}}]}},"_links":{"self":[{"href":"https:\/\/romanivilafranca.com\/ca\/wp-json\/wp\/v2\/pages\/2302","targetHints":{"allow":["GET"]}}],"collection":[{"href":"https:\/\/romanivilafranca.com\/ca\/wp-json\/wp\/v2\/pages"}],"about":[{"href":"https:\/\/romanivilafranca.com\/ca\/wp-json\/wp\/v2\/types\/page"}],"author":[{"embeddable":true,"href":"https:\/\/romanivilafranca.com\/ca\/wp-json\/wp\/v2\/users\/1"}],"replies":[{"embeddable":true,"href":"https:\/\/romanivilafranca.com\/ca\/wp-json\/wp\/v2\/comments?post=2302"}],"version-history":[{"count":94,"href":"https:\/\/romanivilafranca.com\/ca\/wp-json\/wp\/v2\/pages\/2302\/revisions"}],"predecessor-version":[{"id":3023,"href":"https:\/\/romanivilafranca.com\/ca\/wp-json\/wp\/v2\/pages\/2302\/revisions\/3023"}],"wp:attachment":[{"href":"https:\/\/romanivilafranca.com\/ca\/wp-json\/wp\/v2\/media?parent=2302"}],"curies":[{"name":"wp","href":"https:\/\/api.w.org\/{rel}","templated":true}]}}