{"id":3,"date":"2024-11-13T15:10:24","date_gmt":"2024-11-13T15:10:24","guid":{"rendered":"http:\/\/romanivilafranca.com\/?page_id=3"},"modified":"2024-11-25T15:38:21","modified_gmt":"2024-11-25T15:38:21","slug":"politica-de-privacidad","status":"publish","type":"page","link":"https:\/\/romanivilafranca.com\/ca\/politica-de-privacidad\/","title":{"rendered":"Pol\u00edtica de Privacitat"},"content":{"rendered":"<div data-elementor-type=\"wp-page\" data-elementor-id=\"3\" class=\"elementor elementor-3\">\n\t\t\t\t<div class=\"elementor-element elementor-element-241e4618 e-flex e-con-boxed e-con e-parent\" data-id=\"241e4618\" data-element_type=\"container\">\n\t\t\t\t\t<div class=\"e-con-inner\">\n\t\t\t\t<div class=\"elementor-element elementor-element-37f66760 elementor-widget elementor-widget-text-editor\" data-id=\"37f66760\" data-element_type=\"widget\" data-widget_type=\"text-editor.default\">\n\t\t\t\t<div class=\"elementor-widget-container\">\n\t\t\t\t\t\t\t\t\t<div id=\"termsContainer\"><p><em>Esta pol\u00edtica de privacidad fu\u00e9 actualizada por ultima vez en diciembre 1 de mayo, 2023 y es aplicada a los ciudadanos del Espacio Econ\u00f3mico Europeo (UE).<\/em><\/p><p>En esta declaraci\u00f3n de privacidad, explicamos lo que hacemos con los datos que obtenemos sobre usted a trav\u00e9s de <a href=\"https:\/\/romanivilafranca.com\/ca\/\">https:\/\/romanivilafranca.com\/<\/a>. Le recomendamos que lea atentamente esta declaraci\u00f3n. En nuestro procesamiento cumplimos con los requisitos de la legislaci\u00f3n de privacidad. Lo que significa, entre otras cosas, que:<\/p><ul><li>indicamos claramente los fines para los que procesamos los datos personales. Hacemos esto por medio de esta declaraci\u00f3n de privacidad.<\/li><li>nuestro objetivo es limitar nuestra recopilaci\u00f3n de datos personales a los datos personales necesarios para fines leg\u00edtimos.<\/li><li>en primer lugar, solicitamos su consentimiento expl\u00edcito para el tratamiento de sus datos personales en los casos en que sea necesario.<\/li><li>tomamos las medidas de seguridad adecuadas para proteger sus datos personales y tambi\u00e9n se lo exigimos a las partes que procesan datos personales en nuestro nombre;<\/li><li>respetamos su derecho a acceder, rectificar o cancelar sus datos personales previa solicitud.<\/li><\/ul><p>Si tiene alguna pregunta o desea saber exactamente qu\u00e9 datos sobre usted guardamos, p\u00f3ngase en contacto con nosotros.<\/p><h2 class=\"wp-block-heading has-medium-font-size\">1. Prop\u00f3sito, datos y periodo de retenci\u00f3n<\/h2><p>1.1 Contacto \u2013 Por tel\u00e9fono, correo, correo electr\u00f3nico y\/o formularios en el sitio. Retendremos los datos hasta que el servicio sea cancelado.<\/p><p>1.2 Para poder cumplir con las obligaciones legales. Retendremos los datos hasta que el servicio sea cancelado.<\/p><p>1.3 Recopilaci\u00f3n y an\u00e1lisis de estad\u00edsticas para la mejora del sitio web. Retendremos los datos hasta que el servicio sea cancelado.<\/p><h2 class=\"wp-block-heading has-medium-font-size\">2. Compartir con otras partes<\/h2><p>S\u00f3lo compartimos o divulgamos estos datos a los procesadores para los siguientes prop\u00f3sitos:<\/p><p>Procesadores de datos.<\/p><p><strong>Nom:<\/strong>\u00a0Xpandex<br \/><strong>Pa\u00eds:<\/strong>\u00a0Espa\u00f1a<br \/><strong>Prop\u00f3sito:<\/strong>\u00a0Desarrollo y mantenimiento Web<\/p><h2 class=\"wp-block-heading has-medium-font-size\">3. Cookies<\/h2><p>Nuestro sitio web utiliza cookies. Para m\u00e1s informaci\u00f3n acerca de las cookies, por favor refi\u00e9rase a nuestra Declaraci\u00f3n de Pol\u00edtica de Cookies.Tenemos un acuerdo de procesamiento de datos con Google.<\/p><h2 class=\"wp-block-heading has-medium-font-size\">4. Seguridad<\/h2><p>Estamos comprometidos con la seguridad de los datos personales. Tomamos las medidas de seguridad adecuadas para limitar el abuso y el acceso no autorizado a los datos personales. Esto asegura que s\u00f3lo las personas necesarias tengan acceso a sus datos, que el acceso a los datos est\u00e9 protegido y que nuestras medidas de seguridad sean revisadas regularmente.<\/p><h2 class=\"wp-block-heading has-medium-font-size\">5. Sitios web de terceros<\/h2><p>Esta declaraci\u00f3n de privacidad no se aplica a los sitios web de terceros conectados mediante enlaces en nuestro sitio web. No podemos garantizar que estas terceras partes manejen sus datos personales de forma fiable o segura. Le recomendamos que lea las declaraciones de privacidad de estos sitios web antes de utilizarlos.<\/p><h2 class=\"wp-block-heading has-medium-font-size\">6. Privacidad y referencia a la declaraci\u00f3n de privacidad<\/h2><p>Nos reservamos el derecho de hacer enmiendas a esta declaraci\u00f3n de privacidad. Se recomienda que consulte esta declaraci\u00f3n de privacidad regularmente para estar al tanto de cualquier cambio. Adem\u00e1s, le informaremos activamente siempre que sea posible.<\/p><h2 class=\"wp-block-heading has-medium-font-size\">7. Acceso y modificaci\u00f3n de sus datos<\/h2><p>Si tiene alguna pregunta o desea saber qu\u00e9 datos personales tenemos sobre usted, p\u00f3ngase en contacto con nosotros. Puede ponerse en contacto con nosotros utilizando la siguiente informaci\u00f3n. Usted tiene los siguientes derechos:<\/p><ul><li>Usted tiene derecho a saber por qu\u00e9 se necesitan sus datos personales, qu\u00e9 suceder\u00e1 con ellos y durante cu\u00e1nto tiempo se conservar\u00e1n.<\/li><li>Derecho de acceso: Tiene derecho a acceder a los datos personales que conocemos sobre usted.<\/li><li>Derecho de rectificaci\u00f3n: tiene derecho a completar, rectificar, borrar o bloquear sus datos personales cuando lo desee.<\/li><li>Si usted nos da su consentimiento para procesar sus datos, tiene derecho a revocar dicho consentimiento y a que se eliminen sus datos personales.<\/li><li>Derecho de cesi\u00f3n de sus datos: tiene derecho a solicitar todos sus datos personales al controlador y a transferirlos \u00edntegramente a otro controlador.<\/li><li>Derecho de oposici\u00f3n: usted puede oponerse al tratamiento de sus datos. Nosotros cumplimos con esto, a menos que existan motivos justificados para el procesamiento.<\/li><\/ul><p>Por favor, aseg\u00farese de indicar siempre claramente qui\u00e9n es usted, para que podamos estar seguros de que no modificamos o eliminamos ning\u00fan dato de la persona equivocada.<\/p><h2 class=\"wp-block-heading has-medium-font-size\">8. Enviando una queja<\/h2><p>Si no est\u00e1 satisfecho con la forma en que tratamos o procesamos sus datos personales, tiene derecho a presentar una queja a la Autoridad de Protecci\u00f3n de Datos.<\/p><h2 class=\"wp-block-heading has-medium-font-size\">9. Responsable de la protecci\u00f3n de datos<\/h2><p>Nuestro Responsable de la Protecci\u00f3n de Datos ha sido registrado ante la autoridad de protecci\u00f3n de datos de un Estado miembro de la UE. Si tiene alguna pregunta o solicitud con respecto a esta declaraci\u00f3n de privacidad o para el Responsable de la Protecci\u00f3n de Datos, puede ponerse en contacto con <a href=\"https:\/\/romanivilafranca.com\/ca\/\">https:\/\/romanivilafranca.com\/<\/a>, a trav\u00e9s de o <a href=\"https:\/\/romanivilafranca.com\/ca\/terminos-y-condiciones\/romanivilafranca@gmail.com\/\">romanivilafranca@gmail.com<\/a><\/p><h2 class=\"wp-block-heading has-medium-font-size\">10. Detalles de contacto<\/h2><p>Monica Gadea Munoz<br \/><a href=\"https:\/\/maps.app.goo.gl\/X1SCpv9nXFAD3ZNZ7\">Carrer de la Palma, 10, 08720 Vilafranca del Pened\u00e8s, Barcelona<\/a>.<br \/>Sitio web: <a href=\"https:\/\/romanivilafranca.com\/ca\/\">https:\/\/romanivilafranca.com\/<\/a><br \/>Email: <a href=\"https:\/\/romanivilafranca.com\/ca\/terminos-y-condiciones\/romanivilafranca@gmail.com\/\">romanivilafranca@gmail.com<\/a><\/p><p>Tel\u00e9fono: +34 <a href=\"tel:+34 651158856\">651 158 856<\/a><\/p><\/div>\t\t\t\t\t\t\t\t<\/div>\n\t\t\t\t<\/div>\n\t\t\t\t\t<\/div>\n\t\t\t\t<\/div>\n\t\t\t\t<\/div>","protected":false},"excerpt":{"rendered":"<p>Esta pol\u00edtica de privacidad fu\u00e9 actualizada por ultima vez en diciembre 1 de mayo, 2023 y es aplicada a los ciudadanos del Espacio Econ\u00f3mico Europeo (UE). En esta declaraci\u00f3n de privacidad, explicamos lo que hacemos con los datos que obtenemos sobre usted a trav\u00e9s de https:\/\/romanivilafranca.com\/. Le recomendamos que lea atentamente esta declaraci\u00f3n. En nuestro [&hellip;]<\/p>","protected":false},"author":1,"featured_media":0,"parent":0,"menu_order":0,"comment_status":"closed","ping_status":"closed","template":"","meta":{"_acf_changed":false,"_monsterinsights_skip_tracking":false,"_monsterinsights_sitenote_active":false,"_monsterinsights_sitenote_note":"","_monsterinsights_sitenote_category":0,"footnotes":""},"class_list":["post-3","page","type-page","status-publish","hentry"],"acf":[],"yoast_head":"<!-- This site is optimized with the Yoast SEO plugin v26.4 - https:\/\/yoast.com\/wordpress\/plugins\/seo\/ -->\n<title>Pol\u00edtica de Privacidad - romanivilafranca.com<\/title>\n<meta name=\"robots\" content=\"index, follow, max-snippet:-1, max-image-preview:large, max-video-preview:-1\" \/>\n<link rel=\"canonical\" href=\"https:\/\/romanivilafranca.com\/ca\/politica-de-privacidad\/\" \/>\n<meta property=\"og:locale\" content=\"ca_ES\" \/>\n<meta property=\"og:type\" content=\"article\" \/>\n<meta property=\"og:title\" content=\"Pol\u00edtica de Privacidad - romanivilafranca.com\" \/>\n<meta property=\"og:description\" content=\"Esta pol\u00edtica de privacidad fu\u00e9 actualizada por ultima vez en diciembre 1 de mayo, 2023 y es aplicada a los ciudadanos del Espacio Econ\u00f3mico Europeo (UE). En esta declaraci\u00f3n de privacidad, explicamos lo que hacemos con los datos que obtenemos sobre usted a trav\u00e9s de https:\/\/romanivilafranca.com\/. Le recomendamos que lea atentamente esta declaraci\u00f3n. En nuestro [&hellip;]\" \/>\n<meta property=\"og:url\" content=\"https:\/\/romanivilafranca.com\/ca\/politica-de-privacidad\/\" \/>\n<meta property=\"og:site_name\" content=\"romanivilafranca.com\" \/>\n<meta property=\"article:modified_time\" content=\"2024-11-25T15:38:21+00:00\" \/>\n<meta property=\"og:image\" content=\"https:\/\/romanivilafranca.com\/wp-content\/uploads\/2024\/11\/pixelcut-export-1.jpeg\" \/>\n\t<meta property=\"og:image:width\" content=\"600\" \/>\n\t<meta property=\"og:image:height\" content=\"600\" \/>\n\t<meta property=\"og:image:type\" content=\"image\/jpeg\" \/>\n<meta name=\"twitter:card\" content=\"summary_large_image\" \/>\n<meta name=\"twitter:label1\" content=\"Temps estimat de lectura\" \/>\n\t<meta name=\"twitter:data1\" content=\"4 minuts\" \/>\n<script type=\"application\/ld+json\" class=\"yoast-schema-graph\">{\"@context\":\"https:\/\/schema.org\",\"@graph\":[{\"@type\":\"WebPage\",\"@id\":\"https:\/\/romanivilafranca.com\/politica-de-privacidad\/\",\"url\":\"https:\/\/romanivilafranca.com\/politica-de-privacidad\/\",\"name\":\"Pol\u00edtica de Privacidad - romanivilafranca.com\",\"isPartOf\":{\"@id\":\"https:\/\/romanivilafranca.com\/#website\"},\"datePublished\":\"2024-11-13T15:10:24+00:00\",\"dateModified\":\"2024-11-25T15:38:21+00:00\",\"breadcrumb\":{\"@id\":\"https:\/\/romanivilafranca.com\/politica-de-privacidad\/#breadcrumb\"},\"inLanguage\":\"ca\",\"potentialAction\":[{\"@type\":\"ReadAction\",\"target\":[\"https:\/\/romanivilafranca.com\/politica-de-privacidad\/\"]}]},{\"@type\":\"BreadcrumbList\",\"@id\":\"https:\/\/romanivilafranca.com\/politica-de-privacidad\/#breadcrumb\",\"itemListElement\":[{\"@type\":\"ListItem\",\"position\":1,\"name\":\"Portada\",\"item\":\"https:\/\/romanivilafranca.com\/\"},{\"@type\":\"ListItem\",\"position\":2,\"name\":\"Pol\u00edtica de Privacidad\"}]},{\"@type\":\"WebSite\",\"@id\":\"https:\/\/romanivilafranca.com\/#website\",\"url\":\"https:\/\/romanivilafranca.com\/\",\"name\":\"romanivilafranca.com\",\"description\":\"\",\"publisher\":{\"@id\":\"https:\/\/romanivilafranca.com\/#organization\"},\"potentialAction\":[{\"@type\":\"SearchAction\",\"target\":{\"@type\":\"EntryPoint\",\"urlTemplate\":\"https:\/\/romanivilafranca.com\/?s={search_term_string}\"},\"query-input\":{\"@type\":\"PropertyValueSpecification\",\"valueRequired\":true,\"valueName\":\"search_term_string\"}}],\"inLanguage\":\"ca\"},{\"@type\":\"Organization\",\"@id\":\"https:\/\/romanivilafranca.com\/#organization\",\"name\":\"romanivilafranca.com\",\"url\":\"https:\/\/romanivilafranca.com\/\",\"logo\":{\"@type\":\"ImageObject\",\"inLanguage\":\"ca\",\"@id\":\"https:\/\/romanivilafranca.com\/#\/schema\/logo\/image\/\",\"url\":\"https:\/\/romanivilafranca.com\/wp-content\/uploads\/2024\/11\/pixelcut-export-1.jpeg\",\"contentUrl\":\"https:\/\/romanivilafranca.com\/wp-content\/uploads\/2024\/11\/pixelcut-export-1.jpeg\",\"width\":600,\"height\":600,\"caption\":\"romanivilafranca.com\"},\"image\":{\"@id\":\"https:\/\/romanivilafranca.com\/#\/schema\/logo\/image\/\"}}]}<\/script>\n<!-- \/ Yoast SEO plugin. -->","yoast_head_json":{"title":"Pol\u00edtica de Privacidad - romanivilafranca.com","robots":{"index":"index","follow":"follow","max-snippet":"max-snippet:-1","max-image-preview":"max-image-preview:large","max-video-preview":"max-video-preview:-1"},"canonical":"https:\/\/romanivilafranca.com\/ca\/politica-de-privacidad\/","og_locale":"ca_ES","og_type":"article","og_title":"Pol\u00edtica de Privacidad - romanivilafranca.com","og_description":"Esta pol\u00edtica de privacidad fu\u00e9 actualizada por ultima vez en diciembre 1 de mayo, 2023 y es aplicada a los ciudadanos del Espacio Econ\u00f3mico Europeo (UE). En esta declaraci\u00f3n de privacidad, explicamos lo que hacemos con los datos que obtenemos sobre usted a trav\u00e9s de https:\/\/romanivilafranca.com\/. Le recomendamos que lea atentamente esta declaraci\u00f3n. En nuestro [&hellip;]","og_url":"https:\/\/romanivilafranca.com\/ca\/politica-de-privacidad\/","og_site_name":"romanivilafranca.com","article_modified_time":"2024-11-25T15:38:21+00:00","og_image":[{"width":600,"height":600,"url":"https:\/\/romanivilafranca.com\/wp-content\/uploads\/2024\/11\/pixelcut-export-1.jpeg","type":"image\/jpeg"}],"twitter_card":"summary_large_image","twitter_misc":{"Temps estimat de lectura":"4 minuts"},"schema":{"@context":"https:\/\/schema.org","@graph":[{"@type":"WebPage","@id":"https:\/\/romanivilafranca.com\/politica-de-privacidad\/","url":"https:\/\/romanivilafranca.com\/politica-de-privacidad\/","name":"Pol\u00edtica de Privacidad - romanivilafranca.com","isPartOf":{"@id":"https:\/\/romanivilafranca.com\/#website"},"datePublished":"2024-11-13T15:10:24+00:00","dateModified":"2024-11-25T15:38:21+00:00","breadcrumb":{"@id":"https:\/\/romanivilafranca.com\/politica-de-privacidad\/#breadcrumb"},"inLanguage":"ca","potentialAction":[{"@type":"ReadAction","target":["https:\/\/romanivilafranca.com\/politica-de-privacidad\/"]}]},{"@type":"BreadcrumbList","@id":"https:\/\/romanivilafranca.com\/politica-de-privacidad\/#breadcrumb","itemListElement":[{"@type":"ListItem","position":1,"name":"Portada","item":"https:\/\/romanivilafranca.com\/"},{"@type":"ListItem","position":2,"name":"Pol\u00edtica de Privacidad"}]},{"@type":"WebSite","@id":"https:\/\/romanivilafranca.com\/#website","url":"https:\/\/romanivilafranca.com\/","name":"romanivilafranca.com","description":"","publisher":{"@id":"https:\/\/romanivilafranca.com\/#organization"},"potentialAction":[{"@type":"SearchAction","target":{"@type":"EntryPoint","urlTemplate":"https:\/\/romanivilafranca.com\/?s={search_term_string}"},"query-input":{"@type":"PropertyValueSpecification","valueRequired":true,"valueName":"search_term_string"}}],"inLanguage":"ca"},{"@type":"Organization","@id":"https:\/\/romanivilafranca.com\/#organization","name":"romanivilafranca.com","url":"https:\/\/romanivilafranca.com\/","logo":{"@type":"ImageObject","inLanguage":"ca","@id":"https:\/\/romanivilafranca.com\/#\/schema\/logo\/image\/","url":"https:\/\/romanivilafranca.com\/wp-content\/uploads\/2024\/11\/pixelcut-export-1.jpeg","contentUrl":"https:\/\/romanivilafranca.com\/wp-content\/uploads\/2024\/11\/pixelcut-export-1.jpeg","width":600,"height":600,"caption":"romanivilafranca.com"},"image":{"@id":"https:\/\/romanivilafranca.com\/#\/schema\/logo\/image\/"}}]}},"_links":{"self":[{"href":"https:\/\/romanivilafranca.com\/ca\/wp-json\/wp\/v2\/pages\/3","targetHints":{"allow":["GET"]}}],"collection":[{"href":"https:\/\/romanivilafranca.com\/ca\/wp-json\/wp\/v2\/pages"}],"about":[{"href":"https:\/\/romanivilafranca.com\/ca\/wp-json\/wp\/v2\/types\/page"}],"author":[{"embeddable":true,"href":"https:\/\/romanivilafranca.com\/ca\/wp-json\/wp\/v2\/users\/1"}],"replies":[{"embeddable":true,"href":"https:\/\/romanivilafranca.com\/ca\/wp-json\/wp\/v2\/comments?post=3"}],"version-history":[{"count":22,"href":"https:\/\/romanivilafranca.com\/ca\/wp-json\/wp\/v2\/pages\/3\/revisions"}],"predecessor-version":[{"id":1513,"href":"https:\/\/romanivilafranca.com\/ca\/wp-json\/wp\/v2\/pages\/3\/revisions\/1513"}],"wp:attachment":[{"href":"https:\/\/romanivilafranca.com\/ca\/wp-json\/wp\/v2\/media?parent=3"}],"curies":[{"name":"wp","href":"https:\/\/api.w.org\/{rel}","templated":true}]}}