{"id":33,"date":"2024-08-03T10:10:04","date_gmt":"2024-08-03T10:10:04","guid":{"rendered":"https:\/\/wp.rrdevs.net\/delishs\/?page_id=33"},"modified":"2024-11-28T21:20:50","modified_gmt":"2024-11-28T20:20:50","slug":"reservar","status":"publish","type":"page","link":"https:\/\/romanivilafranca.com\/ca\/reservar\/","title":{"rendered":"Reservar"},"content":{"rendered":"<div data-elementor-type=\"wp-page\" data-elementor-id=\"33\" class=\"elementor elementor-33\">\n\t\t\t\t<div class=\"elementor-element elementor-element-b96afca e-flex e-con-boxed e-con e-parent\" data-id=\"b96afca\" data-element_type=\"container\">\n\t\t\t\t\t<div class=\"e-con-inner\">\n\t\t\t\t<div class=\"elementor-element elementor-element-5118e7b elementor-widget elementor-widget-html\" data-id=\"5118e7b\" data-element_type=\"widget\" data-widget_type=\"html.default\">\n\t\t\t\t<div class=\"elementor-widget-container\">\n\t\t\t\t\t<div id=\"contact-info\">\r\n    <p>\r\n        En cas que el nombre de persones que vulguin reservar no aparegui aqu\u00ed, polseu aquest n\u00famero per trucar al bar: \r\n        <a href=\"tel:931836720\" class=\"phone-link\">931 83 67 20<\/a>.\r\n    <\/p>\r\n    <p>O contacteu amb nosaltres per WhatsApp:<\/p>\r\n    <a href=\"https:\/\/api.whatsapp.com\/send\/?phone=34651158856&text=%C2%BFHola%2C+me+pod%C3%A9is+ayudar%3F&type=phone_number&app_absent=0\" \r\n       id=\"whatsapp-button\" \r\n       target=\"_blank\">\r\n        Reservar per WhatsApp\r\n    <\/a>\r\n<\/div>\r\n\r\n<style>\r\n    \/* Contenedor principal *\/\r\n    #contact-info {\r\n        text-align: center;\r\n        margin: 10px auto;\r\n        font-size: 16px;\r\n        line-height: 1.4;\r\n    }\r\n\r\n    \/* Enlace de tel\u00e9fono *\/\r\n    .phone-link {\r\n        color: #ccad6a;\r\n        text-decoration: none;\r\n    }\r\n\r\n    .phone-link:hover {\r\n        text-decoration: underline;\r\n    }\r\n\r\n    \/* Bot\u00f3n de WhatsApp *\/\r\n    #whatsapp-button {\r\n        display: inline-block;\r\n        padding: 12px 24px; \/* Aumentado el padding para m\u00e1s espacio *\/\r\n        background-color: #25d366;\r\n        color: #fff;\r\n        font-size: 18px; \/* Fuente mayor para mejorar legibilidad *\/\r\n        font-weight: bold;\r\n        text-decoration: none;\r\n        border-radius: 6px;\r\n        transition: background-color 0.3s;\r\n        margin-top: 10px;\r\n        text-transform: uppercase; \/* Hace el texto m\u00e1s destacado *\/\r\n    }\r\n\r\n    #whatsapp-button:hover {\r\n        background-color: #128c7e;\r\n    }\r\n\r\n    \/* P\u00e1rrafos *\/\r\n    #contact-info p {\r\n        margin: 6px 0;\r\n    }\r\n<\/style>\r\n\t\t\t\t<\/div>\n\t\t\t\t<\/div>\n\t\t\t\t<div class=\"elementor-element elementor-element-2ee6754 elementor-widget elementor-widget-stepbooking\" data-id=\"2ee6754\" data-element_type=\"widget\" data-widget_type=\"stepbooking.default\">\n\t\t\t\t<div class=\"elementor-widget-container\">\n\t\t\t\t\t\n<script>\n  if (typeof hasAmeliaEntitiesApiCall === 'undefined' && '' === '') {\n    var hasAmeliaEntitiesApiCall = true;\n  }\n  var ameliaShortcodeData = (typeof ameliaShortcodeData === 'undefined') ? [] : ameliaShortcodeData;\n  ameliaShortcodeData.push(\n    {\n      'hasApiCall': (typeof hasAmeliaEntitiesApiCall !== 'undefined') && hasAmeliaEntitiesApiCall,\n      'trigger': '',\n      'trigger_type': '',\n      'triggered_form': 'sbsNew',\n      'in_dialog': '',\n      'show': '',\n      'counter': '1000',\n      'category': '',\n      'service': '',\n      'employee': '',\n      'location': '',\n      'package': ''\n    }\n  );\n\n  var ameliaShortcodeDataTriggered = (typeof ameliaShortcodeDataTriggered === 'undefined') ? [] : ameliaShortcodeDataTriggered;\n  if (ameliaShortcodeData[ameliaShortcodeData.length - 1].trigger !== '') {\n    if (ameliaShortcodeDataTriggered.filter(a => a.counter === ameliaShortcodeData[ameliaShortcodeData.length - 1].counter).length === 0) {\n      ameliaShortcodeDataTriggered.push(ameliaShortcodeData.pop());\n    } else {\n      ameliaShortcodeData.pop()\n    }\n  }\n  if (typeof hasAmeliaEntitiesApiCall !== 'undefined' && hasAmeliaEntitiesApiCall) {\n    hasAmeliaEntitiesApiCall = false;\n  }\n<\/script>\n\n<div\n  id=\"amelia-v2-booking-1000\"\n  class=\"amelia-v2-booking\"\n >\n    <step-form-wrapper><\/step-form-wrapper><\/div>\n\t\t\t\t<\/div>\n\t\t\t\t<\/div>\n\t\t\t\t\t<\/div>\n\t\t\t\t<\/div>\n\t\t\t\t<\/div>","protected":false},"excerpt":{"rendered":"<p>En caso de que el n\u00famero de personas que quieran reservar no aparezca aqu\u00ed, pulse este n\u00famero para llamar al bar: 931 83 67 20. O contacte con nosotros por WhatsApp: Reservar por WhatsApp<\/p>","protected":false},"author":1,"featured_media":0,"parent":0,"menu_order":0,"comment_status":"closed","ping_status":"closed","template":"elementor_header_footer","meta":{"_acf_changed":false,"_monsterinsights_skip_tracking":false,"_monsterinsights_sitenote_active":false,"_monsterinsights_sitenote_note":"","_monsterinsights_sitenote_category":0,"footnotes":""},"class_list":["post-33","page","type-page","status-publish","hentry"],"acf":[],"yoast_head":"<!-- This site is optimized with the Yoast SEO plugin v26.4 - https:\/\/yoast.com\/wordpress\/plugins\/seo\/ -->\n<title>Reservar - romanivilafranca.com<\/title>\n<meta name=\"robots\" content=\"index, follow, max-snippet:-1, max-image-preview:large, max-video-preview:-1\" \/>\n<link rel=\"canonical\" href=\"https:\/\/romanivilafranca.com\/ca\/reservar\/\" \/>\n<meta property=\"og:locale\" content=\"ca_ES\" \/>\n<meta property=\"og:type\" content=\"article\" \/>\n<meta property=\"og:title\" content=\"Reservar - romanivilafranca.com\" \/>\n<meta property=\"og:description\" content=\"En caso de que el n\u00famero de personas que quieran reservar no aparezca aqu\u00ed, pulse este n\u00famero para llamar al bar: 931 83 67 20. O contacte con nosotros por WhatsApp: Reservar por WhatsApp\" \/>\n<meta property=\"og:url\" content=\"https:\/\/romanivilafranca.com\/ca\/reservar\/\" \/>\n<meta property=\"og:site_name\" content=\"romanivilafranca.com\" \/>\n<meta property=\"article:modified_time\" content=\"2024-11-28T20:20:50+00:00\" \/>\n<meta property=\"og:image\" content=\"https:\/\/romanivilafranca.com\/wp-content\/uploads\/2024\/11\/pixelcut-export-1.jpeg\" \/>\n\t<meta property=\"og:image:width\" content=\"600\" \/>\n\t<meta property=\"og:image:height\" content=\"600\" \/>\n\t<meta property=\"og:image:type\" content=\"image\/jpeg\" \/>\n<meta name=\"twitter:card\" content=\"summary_large_image\" \/>\n<meta name=\"twitter:label1\" content=\"Temps estimat de lectura\" \/>\n\t<meta name=\"twitter:data1\" content=\"1 minut\" \/>\n<script type=\"application\/ld+json\" class=\"yoast-schema-graph\">{\"@context\":\"https:\/\/schema.org\",\"@graph\":[{\"@type\":\"WebPage\",\"@id\":\"https:\/\/romanivilafranca.com\/reservar\/\",\"url\":\"https:\/\/romanivilafranca.com\/reservar\/\",\"name\":\"Reservar - romanivilafranca.com\",\"isPartOf\":{\"@id\":\"https:\/\/romanivilafranca.com\/#website\"},\"datePublished\":\"2024-08-03T10:10:04+00:00\",\"dateModified\":\"2024-11-28T20:20:50+00:00\",\"breadcrumb\":{\"@id\":\"https:\/\/romanivilafranca.com\/reservar\/#breadcrumb\"},\"inLanguage\":\"ca\",\"potentialAction\":[{\"@type\":\"ReadAction\",\"target\":[\"https:\/\/romanivilafranca.com\/reservar\/\"]}]},{\"@type\":\"BreadcrumbList\",\"@id\":\"https:\/\/romanivilafranca.com\/reservar\/#breadcrumb\",\"itemListElement\":[{\"@type\":\"ListItem\",\"position\":1,\"name\":\"Portada\",\"item\":\"https:\/\/romanivilafranca.com\/\"},{\"@type\":\"ListItem\",\"position\":2,\"name\":\"Reservar\"}]},{\"@type\":\"WebSite\",\"@id\":\"https:\/\/romanivilafranca.com\/#website\",\"url\":\"https:\/\/romanivilafranca.com\/\",\"name\":\"romanivilafranca.com\",\"description\":\"\",\"publisher\":{\"@id\":\"https:\/\/romanivilafranca.com\/#organization\"},\"potentialAction\":[{\"@type\":\"SearchAction\",\"target\":{\"@type\":\"EntryPoint\",\"urlTemplate\":\"https:\/\/romanivilafranca.com\/?s={search_term_string}\"},\"query-input\":{\"@type\":\"PropertyValueSpecification\",\"valueRequired\":true,\"valueName\":\"search_term_string\"}}],\"inLanguage\":\"ca\"},{\"@type\":\"Organization\",\"@id\":\"https:\/\/romanivilafranca.com\/#organization\",\"name\":\"romanivilafranca.com\",\"url\":\"https:\/\/romanivilafranca.com\/\",\"logo\":{\"@type\":\"ImageObject\",\"inLanguage\":\"ca\",\"@id\":\"https:\/\/romanivilafranca.com\/#\/schema\/logo\/image\/\",\"url\":\"https:\/\/romanivilafranca.com\/wp-content\/uploads\/2024\/11\/pixelcut-export-1.jpeg\",\"contentUrl\":\"https:\/\/romanivilafranca.com\/wp-content\/uploads\/2024\/11\/pixelcut-export-1.jpeg\",\"width\":600,\"height\":600,\"caption\":\"romanivilafranca.com\"},\"image\":{\"@id\":\"https:\/\/romanivilafranca.com\/#\/schema\/logo\/image\/\"}}]}<\/script>\n<!-- \/ Yoast SEO plugin. -->","yoast_head_json":{"title":"Reservar - romanivilafranca.com","robots":{"index":"index","follow":"follow","max-snippet":"max-snippet:-1","max-image-preview":"max-image-preview:large","max-video-preview":"max-video-preview:-1"},"canonical":"https:\/\/romanivilafranca.com\/ca\/reservar\/","og_locale":"ca_ES","og_type":"article","og_title":"Reservar - romanivilafranca.com","og_description":"En caso de que el n\u00famero de personas que quieran reservar no aparezca aqu\u00ed, pulse este n\u00famero para llamar al bar: 931 83 67 20. O contacte con nosotros por WhatsApp: Reservar por WhatsApp","og_url":"https:\/\/romanivilafranca.com\/ca\/reservar\/","og_site_name":"romanivilafranca.com","article_modified_time":"2024-11-28T20:20:50+00:00","og_image":[{"width":600,"height":600,"url":"https:\/\/romanivilafranca.com\/wp-content\/uploads\/2024\/11\/pixelcut-export-1.jpeg","type":"image\/jpeg"}],"twitter_card":"summary_large_image","twitter_misc":{"Temps estimat de lectura":"1 minut"},"schema":{"@context":"https:\/\/schema.org","@graph":[{"@type":"WebPage","@id":"https:\/\/romanivilafranca.com\/reservar\/","url":"https:\/\/romanivilafranca.com\/reservar\/","name":"Reservar - romanivilafranca.com","isPartOf":{"@id":"https:\/\/romanivilafranca.com\/#website"},"datePublished":"2024-08-03T10:10:04+00:00","dateModified":"2024-11-28T20:20:50+00:00","breadcrumb":{"@id":"https:\/\/romanivilafranca.com\/reservar\/#breadcrumb"},"inLanguage":"ca","potentialAction":[{"@type":"ReadAction","target":["https:\/\/romanivilafranca.com\/reservar\/"]}]},{"@type":"BreadcrumbList","@id":"https:\/\/romanivilafranca.com\/reservar\/#breadcrumb","itemListElement":[{"@type":"ListItem","position":1,"name":"Portada","item":"https:\/\/romanivilafranca.com\/"},{"@type":"ListItem","position":2,"name":"Reservar"}]},{"@type":"WebSite","@id":"https:\/\/romanivilafranca.com\/#website","url":"https:\/\/romanivilafranca.com\/","name":"romanivilafranca.com","description":"","publisher":{"@id":"https:\/\/romanivilafranca.com\/#organization"},"potentialAction":[{"@type":"SearchAction","target":{"@type":"EntryPoint","urlTemplate":"https:\/\/romanivilafranca.com\/?s={search_term_string}"},"query-input":{"@type":"PropertyValueSpecification","valueRequired":true,"valueName":"search_term_string"}}],"inLanguage":"ca"},{"@type":"Organization","@id":"https:\/\/romanivilafranca.com\/#organization","name":"romanivilafranca.com","url":"https:\/\/romanivilafranca.com\/","logo":{"@type":"ImageObject","inLanguage":"ca","@id":"https:\/\/romanivilafranca.com\/#\/schema\/logo\/image\/","url":"https:\/\/romanivilafranca.com\/wp-content\/uploads\/2024\/11\/pixelcut-export-1.jpeg","contentUrl":"https:\/\/romanivilafranca.com\/wp-content\/uploads\/2024\/11\/pixelcut-export-1.jpeg","width":600,"height":600,"caption":"romanivilafranca.com"},"image":{"@id":"https:\/\/romanivilafranca.com\/#\/schema\/logo\/image\/"}}]}},"_links":{"self":[{"href":"https:\/\/romanivilafranca.com\/ca\/wp-json\/wp\/v2\/pages\/33","targetHints":{"allow":["GET"]}}],"collection":[{"href":"https:\/\/romanivilafranca.com\/ca\/wp-json\/wp\/v2\/pages"}],"about":[{"href":"https:\/\/romanivilafranca.com\/ca\/wp-json\/wp\/v2\/types\/page"}],"author":[{"embeddable":true,"href":"https:\/\/romanivilafranca.com\/ca\/wp-json\/wp\/v2\/users\/1"}],"replies":[{"embeddable":true,"href":"https:\/\/romanivilafranca.com\/ca\/wp-json\/wp\/v2\/comments?post=33"}],"version-history":[{"count":125,"href":"https:\/\/romanivilafranca.com\/ca\/wp-json\/wp\/v2\/pages\/33\/revisions"}],"predecessor-version":[{"id":2781,"href":"https:\/\/romanivilafranca.com\/ca\/wp-json\/wp\/v2\/pages\/33\/revisions\/2781"}],"wp:attachment":[{"href":"https:\/\/romanivilafranca.com\/ca\/wp-json\/wp\/v2\/media?parent=33"}],"curies":[{"name":"wp","href":"https:\/\/api.w.org\/{rel}","templated":true}]}}