{"id":41,"date":"2024-08-03T10:12:45","date_gmt":"2024-08-03T10:12:45","guid":{"rendered":"https:\/\/wp.rrdevs.net\/delishs\/?page_id=41"},"modified":"2024-11-28T23:21:40","modified_gmt":"2024-11-28T22:21:40","slug":"contacto","status":"publish","type":"page","link":"https:\/\/romanivilafranca.com\/ca\/contacto\/","title":{"rendered":"Contacte"},"content":{"rendered":"<div data-elementor-type=\"wp-page\" data-elementor-id=\"41\" class=\"elementor elementor-41\">\n\t\t\t\t<div class=\"elementor-element elementor-element-cfc1291 e-con-full e-flex e-con e-parent\" data-id=\"cfc1291\" data-element_type=\"container\">\n\t\t\t\t<div class=\"elementor-element elementor-element-07b19e5 elementor-widget elementor-widget-wpforms\" data-id=\"07b19e5\" data-element_type=\"widget\" data-widget_type=\"wpforms.default\">\n\t\t\t\t<div class=\"elementor-widget-container\">\n\t\t\t\t\t<div class=\"wpforms-container wpforms-container-full wpforms-render-modern\" id=\"wpforms-1051\"><form id=\"wpforms-form-1051\" class=\"wpforms-validate wpforms-form wpforms-ajax-form\" data-formid=\"1051\" method=\"post\" enctype=\"multipart\/form-data\" action=\"\/ca\/wp-json\/wp\/v2\/pages\/41\" data-token=\"b4a2f5ef3107b7d3422e53c44d112036\" data-token-time=\"1776178432\" data-trp-original-action=\"\/ca\/wp-json\/wp\/v2\/pages\/41\"><noscript class=\"wpforms-error-noscript\">Activeu el JavaScript al navegador per a poder completar el formulari.<\/noscript><div id=\"wpforms-error-noscript\" style=\"display: none;\">Activeu el JavaScript al navegador per a poder completar el formulari.<\/div><div class=\"wpforms-field-container\"><div id=\"wpforms-1051-field_1-container\" class=\"wpforms-field wpforms-field-name\" data-field-id=\"1\"><label class=\"wpforms-field-label\" for=\"wpforms-1051-field_1\">Nom <span class=\"wpforms-required-label\" aria-hidden=\"true\">*<\/span><\/label><input type=\"text\" id=\"wpforms-1051-field_1\" class=\"wpforms-field-medium wpforms-field-required\" name=\"wpforms[fields][1]\" aria-errormessage=\"wpforms-1051-field_1-error\" required><\/div><div id=\"wpforms-1051-field_2-container\" class=\"wpforms-field wpforms-field-email\" data-field-id=\"2\"><label class=\"wpforms-field-label\" for=\"wpforms-1051-field_2\">Correu electr\u00f2nic <span class=\"wpforms-required-label\" aria-hidden=\"true\">*<\/span><\/label><input type=\"email\" id=\"wpforms-1051-field_2\" class=\"wpforms-field-medium wpforms-field-required\" name=\"wpforms[fields][2]\" spellcheck=\"false\" aria-errormessage=\"wpforms-1051-field_2-error\" required><\/div>\t\t<div id=\"wpforms-1051-field_4-container\"\n\t\t\tclass=\"wpforms-field wpforms-field-text\"\n\t\t\tdata-field-type=\"text\"\n\t\t\tdata-field-id=\"4\"\n\t\t\t>\n\t\t\t<label class=\"wpforms-field-label\" for=\"wpforms-1051-field_4\" >Comentario Nombre o<\/label>\n\t\t\t<input type=\"text\" id=\"wpforms-1051-field_4\" class=\"wpforms-field-medium\" name=\"wpforms[fields][4]\" >\n\t\t<\/div>\n\t\t<div id=\"wpforms-1051-field_3-container\" class=\"wpforms-field wpforms-field-textarea\" data-field-id=\"3\"><label class=\"wpforms-field-label\" for=\"wpforms-1051-field_3\">Comentari o missatge<\/label><textarea id=\"wpforms-1051-field_3\" class=\"wpforms-field-medium\" name=\"wpforms[fields][3]\" aria-errormessage=\"wpforms-1051-field_3-error\" ><\/textarea><\/div><script>\n\t\t\t\t( function() {\n\t\t\t\t\tconst style = document.createElement( 'style' );\n\t\t\t\t\tstyle.appendChild( document.createTextNode( '#wpforms-1051-field_4-container { position: absolute !important; overflow: hidden !important; display: inline !important; height: 1px !important; width: 1px !important; z-index: -1000 !important; padding: 0 !important; } #wpforms-1051-field_4-container input { visibility: hidden; } #wpforms-conversational-form-page #wpforms-1051-field_4-container label { counter-increment: none; }' ) );\n\t\t\t\t\tdocument.head.appendChild( style );\n\t\t\t\t\tdocument.currentScript?.remove();\n\t\t\t\t} )();\n\t\t\t<\/script><\/div><!-- .wpforms-field-container --><div class=\"wpforms-submit-container\" ><input type=\"hidden\" name=\"wpforms[id]\" value=\"1051\"><input type=\"hidden\" name=\"page_title\" value=\"\"><input type=\"hidden\" name=\"page_url\" value=\"https:\/\/romanivilafranca.com\/ca\/wp-json\/wp\/v2\/pages\/41\"><input type=\"hidden\" name=\"url_referer\" value=\"\"><button type=\"submit\" name=\"wpforms[submit]\" id=\"wpforms-submit-1051\" class=\"wpforms-submit\" data-alt-text=\"Enviando...\" data-submit-text=\"Enviar\" aria-live=\"assertive\" value=\"wpforms-submit\">Enviar<\/button><img decoding=\"async\" src=\"https:\/\/romanivilafranca.com\/wp-content\/plugins\/wpforms-lite\/assets\/images\/submit-spin.svg\" class=\"wpforms-submit-spinner\" style=\"display: none;\" width=\"26\" height=\"26\" alt=\"S&#039;est\u00e0 carregant\"><\/div><input type=\"hidden\" name=\"trp-form-language\" value=\"ca\"\/><\/form><\/div>  <!-- .wpforms-container -->\t\t\t\t<\/div>\n\t\t\t\t<\/div>\n\t\t\t\t<div class=\"elementor-element elementor-element-52e8b03 elementor-widget elementor-widget-html\" data-id=\"52e8b03\" data-element_type=\"widget\" data-widget_type=\"html.default\">\n\t\t\t\t<div class=\"elementor-widget-container\">\n\t\t\t\t\t<div class=\"contact-container\">\r\n  <div class=\"contact-card\">\r\n    <div class=\"icon-circle\">\r\n      <svg aria-hidden=\"true\" class=\"icon\" viewbox=\"0 0 576 512\" xmlns=\"http:\/\/www.w3.org\/2000\/svg\">\r\n        <path d=\"M528 32H48C21.5 32 0 53.5 0 80v352c0 26.5 21.5 48 48 48h480c26.5 0 48-21.5 48-48V80c0-26.5-21.5-48-48-48zm0 400H48V80h480v352zM208 256c35.3 0 64-28.7 64-64s-28.7-64-64-64-64 28.7-64 64 28.7 64 64 64zm-89.6 128h179.2c12.4 0 22.4-8.6 22.4-19.2v-19.2c0-31.8-30.1-57.6-67.2-57.6-10.8 0-18.7 8-44.8 8-26.9 0-33.4-8-44.8-8-37.1 0-67.2 25.8-67.2 57.6v19.2c0 10.6 10 19.2 22.4 19.2zM360 320h112c4.4 0 8-3.6 8-8v-16c0-4.4-3.6-8-8-8H360c-4.4 0-8 3.6-8 8v16c0 4.4 3.6 8 8 8zm0-64h112c4.4 0 8-3.6 8-8v-16c0-4.4-3.6-8-8-8H360c-4.4 0-8 3.6-8 8v16c0 4.4 3.6 8 8 8zm0-64h112c4.4 0 8-3.6 8-8v-16c0-4.4-3.6-8-8-8H360c-4.4 0-8 3.6-8 8v16c0 4.4 3.6 8 8 8z\"><\/path>\r\n      <\/svg>\r\n    <\/div>\r\n    <h3>Email<\/h3>\r\n    <p>romanivilafranca@gmail.com<\/p>\r\n  <\/div>\r\n  <div class=\"contact-card\">\r\n    <div class=\"icon-circle\">\r\n      <svg aria-hidden=\"true\" class=\"icon\" viewbox=\"0 0 512 512\" xmlns=\"http:\/\/www.w3.org\/2000\/svg\">\r\n        <path d=\"M497.39 361.8l-112-48a24 24 0 0 0-28 6.9l-49.6 60.6A370.66 370.66 0 0 1 130.6 204.11l60.6-49.6a23.94 23.94 0 0 0 6.9-28l-48-112A24.16 24.16 0 0 0 122.6.61l-104 24A24 24 0 0 0 0 48c0 256.5 207.9 464 464 464a24 24 0 0 0 23.4-18.6l24-104a24.29 24.29 0 0 0-14.01-27.6z\"><\/path>\r\n      <\/svg>\r\n    <\/div>\r\n    <h3>Tel\u00e8fon<\/h3>\r\n    <p>+34 651 15 88 56<\/p>\r\n  <\/div>\r\n  <div class=\"contact-card\">\r\n    <div class=\"icon-circle\">\r\n      <svg aria-hidden=\"true\" class=\"icon\" viewbox=\"0 0 384 512\" xmlns=\"http:\/\/www.w3.org\/2000\/svg\">\r\n        <path d=\"M172.268 501.67C26.97 291.031 0 269.413 0 192 0 85.961 85.961 0 192 0s192 85.961 192 192c0 77.413-26.97 99.031-172.268 309.67-9.535 13.774-29.93 13.773-39.464 0zM192 272c44.183 0 80-35.817 80-80s-35.817-80-80-80-80 35.817-80 80 35.817 80 80 80z\"><\/path>\r\n      <\/svg>\r\n    <\/div>\r\n    <h3>Ubicaci\u00f3<\/h3>\r\n    <p>Carrer de la Palma, 10<br>08720 Vilafranca del Pened\u00e8s, Barcelona<\/p>\r\n  <\/div>\r\n<\/div>\r\n\r\n\r\n<style>\r\n.contact-container {\r\n  display: flex;\r\n  flex-wrap: wrap;\r\n  gap: 20px;\r\n  justify-content: center;\r\n  padding: 40px 20px;\r\n}\r\n\r\n\/* Tarjetas *\/\r\n.contact-card {\r\n  background-color: #ffffff;\r\n  border-radius: 12px;\r\n  box-shadow: 0 4px 8px rgba(0, 0, 0, 0.1);\r\n  padding: 25px;\r\n  text-align: center;\r\n  width: 300px; \/* Ancho mejorado *\/\r\n  transition: transform 0.3s ease, box-shadow 0.3s ease;\r\n}\r\n\r\n.contact-card:hover {\r\n  transform: translateY(-5px);\r\n  box-shadow: 0 8px 16px rgba(0, 0, 0, 0.2);\r\n}\r\n\r\n\/* Icono circular *\/\r\n.icon-circle {\r\n  background-color: #e9f3ff; \/* Azul claro *\/\r\n  border-radius: 50%;\r\n  display: flex;\r\n  justify-content: center;\r\n  align-items: center;\r\n  height: 60px;\r\n  width: 60px;\r\n  margin: 0 auto 15px;\r\n}\r\n\r\n.icon {\r\n  height: 28px; \/* Tama\u00f1o m\u00e1s grande *\/\r\n  width: 28px;\r\n  fill: #063641; \/* Color verde oscuro *\/\r\n}\r\n\r\n\/* Texto *\/\r\nh3 {\r\n  color: #063641; \/* Color verde oscuro *\/\r\n  margin: 0 0 15px;\r\n  font-size: 20px;\r\n  font-weight: bold;\r\n}\r\n\r\np {\r\n  color: #666;\r\n  margin: 0;\r\n  font-size: 18px; \/* Tama\u00f1o de texto aumentado *\/\r\n  line-height: 1.8; \/* Mayor separaci\u00f3n entre l\u00edneas *\/\r\n}\r\n\r\n\/* Dise\u00f1o responsivo *\/\r\n@media (max-width: 768px) {\r\n  .contact-card {\r\n    width: 100%; \/* Tarjetas ocupan todo el ancho *\/\r\n    max-width: 400px; \/* Ancho m\u00e1ximo *\/\r\n  }\r\n}\r\n\r\n@media (max-width: 480px) {\r\n  .contact-container {\r\n    flex-direction: column; \/* Una columna en pantallas peque\u00f1as *\/\r\n    gap: 15px; \/* Menos espacio entre tarjetas *\/\r\n  }\r\n\r\n  .contact-card {\r\n    padding: 20px;\r\n  }\r\n\r\n  h3 {\r\n    font-size: 18px;\r\n  }\r\n\r\n  p {\r\n    font-size: 16px; \/* Mantengo el texto legible en pantallas m\u00e1s peque\u00f1as *\/\r\n  }\r\n}\r\n<\/style>\t\t\t\t<\/div>\n\t\t\t\t<\/div>\n\t\t\t\t<\/div>\n\t\t<div class=\"elementor-element elementor-element-25c4192 e-flex e-con-boxed e-con e-parent\" data-id=\"25c4192\" data-element_type=\"container\">\n\t\t\t\t\t<div class=\"e-con-inner\">\n\t\t\t\t<div class=\"elementor-element elementor-element-2b2b1da elementor-widget elementor-widget-google_maps\" data-id=\"2b2b1da\" data-element_type=\"widget\" data-widget_type=\"google_maps.default\">\n\t\t\t\t<div class=\"elementor-widget-container\">\n\t\t\t\t\t\t\t<div class=\"elementor-custom-embed\">\n\t\t\t<iframe loading=\"lazy\"\n\t\t\t\t\tsrc=\"https:\/\/maps.google.com\/maps?q=Roman%C4%BA&#038;t=m&#038;z=15&#038;output=embed&#038;iwloc=near\"\n\t\t\t\t\ttitle=\"Roman\u013a\"\n\t\t\t\t\taria-label=\"Roman\u013a\"\n\t\t\t><\/iframe>\n\t\t<\/div>\n\t\t\t\t\t\t<\/div>\n\t\t\t\t<\/div>\n\t\t\t\t\t<\/div>\n\t\t\t\t<\/div>\n\t\t<div class=\"elementor-element elementor-element-9f2696a e-con-full e-flex e-con e-parent\" data-id=\"9f2696a\" data-element_type=\"container\">\n\t\t\t\t<div class=\"elementor-element elementor-element-da12ec0 elementor-widget elementor-widget-delishs_cta\" data-id=\"da12ec0\" data-element_type=\"widget\" data-widget_type=\"delishs_cta.default\">\n\t\t\t\t<div class=\"elementor-widget-container\">\n\t\t\t\t\t\r\n        \r\n            <section class=\"delishs-el-section cta-2\" data-background=\"https:\/\/wp.rrdevs.net\/delishs\/wp-content\/uploads\/2024\/08\/cta.jpg\">\r\n                <div class=\"container\">\r\n                    <div class=\"row g-24\">\r\n                        <div class=\"col-12\">\r\n                            <div class=\"cta-2__content\">\r\n                                <div class=\"cta-2__content-text\">\r\n                                                                                                                <h3 class=\"delishs-el-section-title text-uppercase title-animation\">\r\n                                            <a href=\"https:\/\/romanivilafranca.com\/ca\/reservar\/\" target=\"_self\" rel=\"nofollow\" class=\"delishs-el-button\">\r\n                                                Reserva ja i gaudeix                                            <\/a>\r\n                                        <\/h3>\r\n                                                                    <\/div>\r\n                                <a href=\"https:\/\/romanivilafranca.com\/ca\/reservar\/\" target=\"_self\" rel=\"nofollow\" class=\"delishs-el-button-two btn-book\">\r\n                                    Reservar                                <\/a>\r\n                            <\/div>\r\n                        <\/div>\r\n                    <\/div>\r\n                <\/div>\r\n            <\/section>\r\n\r\n                \t\t\t\t<\/div>\n\t\t\t\t<\/div>\n\t\t\t\t<\/div>\n\t\t\t\t<\/div>","protected":false},"excerpt":{"rendered":"<p>Por favor, activa JavaScript en tu navegador para completar este formulario.Por favor, activa JavaScript en tu navegador para completar este formulario. Nombre * NombreApellidos Correo electr\u00f3nico *Comentario o mensaje Enviar Email romanivilafranca@gmail.com Tel\u00e9fono +34 651 15 88 56 Ubicaci\u00f3n Carrer de la Palma, 1008720 Vilafranca del Pened\u00e8s, Barcelona Reserva ya y disfruta Reservar<\/p>","protected":false},"author":1,"featured_media":0,"parent":0,"menu_order":0,"comment_status":"closed","ping_status":"closed","template":"elementor_header_footer","meta":{"_acf_changed":false,"_monsterinsights_skip_tracking":false,"_monsterinsights_sitenote_active":false,"_monsterinsights_sitenote_note":"","_monsterinsights_sitenote_category":0,"footnotes":""},"class_list":["post-41","page","type-page","status-publish","hentry"],"acf":[],"yoast_head":"<!-- This site is optimized with the Yoast SEO plugin v26.4 - https:\/\/yoast.com\/wordpress\/plugins\/seo\/ -->\n<title>Contacto - romanivilafranca.com<\/title>\n<meta name=\"robots\" content=\"index, follow, max-snippet:-1, max-image-preview:large, max-video-preview:-1\" \/>\n<link rel=\"canonical\" href=\"https:\/\/romanivilafranca.com\/ca\/contacto\/\" \/>\n<meta property=\"og:locale\" content=\"ca_ES\" \/>\n<meta property=\"og:type\" content=\"article\" \/>\n<meta property=\"og:title\" content=\"Contacto - romanivilafranca.com\" \/>\n<meta property=\"og:description\" content=\"Por favor, activa JavaScript en tu navegador para completar este formulario.Por favor, activa JavaScript en tu navegador para completar este formulario. Nombre * NombreApellidos Correo electr\u00f3nico *Comentario o mensaje Enviar Email romanivilafranca@gmail.com Tel\u00e9fono +34 651 15 88 56 Ubicaci\u00f3n Carrer de la Palma, 1008720 Vilafranca del Pened\u00e8s, Barcelona Reserva ya y disfruta Reservar\" \/>\n<meta property=\"og:url\" content=\"https:\/\/romanivilafranca.com\/ca\/contacto\/\" \/>\n<meta property=\"og:site_name\" content=\"romanivilafranca.com\" \/>\n<meta property=\"article:modified_time\" content=\"2024-11-28T22:21:40+00:00\" \/>\n<meta property=\"og:image\" content=\"https:\/\/romanivilafranca.com\/wp-content\/plugins\/wpforms-lite\/assets\/images\/submit-spin.svg\" \/>\n<meta name=\"twitter:card\" content=\"summary_large_image\" \/>\n<meta name=\"twitter:label1\" content=\"Temps estimat de lectura\" \/>\n\t<meta name=\"twitter:data1\" content=\"1 minut\" \/>\n<script type=\"application\/ld+json\" class=\"yoast-schema-graph\">{\"@context\":\"https:\/\/schema.org\",\"@graph\":[{\"@type\":\"WebPage\",\"@id\":\"https:\/\/romanivilafranca.com\/contacto\/\",\"url\":\"https:\/\/romanivilafranca.com\/contacto\/\",\"name\":\"Contacto - romanivilafranca.com\",\"isPartOf\":{\"@id\":\"https:\/\/romanivilafranca.com\/#website\"},\"primaryImageOfPage\":{\"@id\":\"https:\/\/romanivilafranca.com\/contacto\/#primaryimage\"},\"image\":{\"@id\":\"https:\/\/romanivilafranca.com\/contacto\/#primaryimage\"},\"thumbnailUrl\":\"https:\/\/romanivilafranca.com\/wp-content\/plugins\/wpforms-lite\/assets\/images\/submit-spin.svg\",\"datePublished\":\"2024-08-03T10:12:45+00:00\",\"dateModified\":\"2024-11-28T22:21:40+00:00\",\"breadcrumb\":{\"@id\":\"https:\/\/romanivilafranca.com\/contacto\/#breadcrumb\"},\"inLanguage\":\"ca\",\"potentialAction\":[{\"@type\":\"ReadAction\",\"target\":[\"https:\/\/romanivilafranca.com\/contacto\/\"]}]},{\"@type\":\"ImageObject\",\"inLanguage\":\"ca\",\"@id\":\"https:\/\/romanivilafranca.com\/contacto\/#primaryimage\",\"url\":\"https:\/\/romanivilafranca.com\/wp-content\/plugins\/wpforms-lite\/assets\/images\/submit-spin.svg\",\"contentUrl\":\"https:\/\/romanivilafranca.com\/wp-content\/plugins\/wpforms-lite\/assets\/images\/submit-spin.svg\"},{\"@type\":\"BreadcrumbList\",\"@id\":\"https:\/\/romanivilafranca.com\/contacto\/#breadcrumb\",\"itemListElement\":[{\"@type\":\"ListItem\",\"position\":1,\"name\":\"Portada\",\"item\":\"https:\/\/romanivilafranca.com\/\"},{\"@type\":\"ListItem\",\"position\":2,\"name\":\"Contacto\"}]},{\"@type\":\"WebSite\",\"@id\":\"https:\/\/romanivilafranca.com\/#website\",\"url\":\"https:\/\/romanivilafranca.com\/\",\"name\":\"romanivilafranca.com\",\"description\":\"\",\"publisher\":{\"@id\":\"https:\/\/romanivilafranca.com\/#organization\"},\"potentialAction\":[{\"@type\":\"SearchAction\",\"target\":{\"@type\":\"EntryPoint\",\"urlTemplate\":\"https:\/\/romanivilafranca.com\/?s={search_term_string}\"},\"query-input\":{\"@type\":\"PropertyValueSpecification\",\"valueRequired\":true,\"valueName\":\"search_term_string\"}}],\"inLanguage\":\"ca\"},{\"@type\":\"Organization\",\"@id\":\"https:\/\/romanivilafranca.com\/#organization\",\"name\":\"romanivilafranca.com\",\"url\":\"https:\/\/romanivilafranca.com\/\",\"logo\":{\"@type\":\"ImageObject\",\"inLanguage\":\"ca\",\"@id\":\"https:\/\/romanivilafranca.com\/#\/schema\/logo\/image\/\",\"url\":\"https:\/\/romanivilafranca.com\/wp-content\/uploads\/2024\/11\/pixelcut-export-1.jpeg\",\"contentUrl\":\"https:\/\/romanivilafranca.com\/wp-content\/uploads\/2024\/11\/pixelcut-export-1.jpeg\",\"width\":600,\"height\":600,\"caption\":\"romanivilafranca.com\"},\"image\":{\"@id\":\"https:\/\/romanivilafranca.com\/#\/schema\/logo\/image\/\"}}]}<\/script>\n<!-- \/ Yoast SEO plugin. -->","yoast_head_json":{"title":"Contacto - romanivilafranca.com","robots":{"index":"index","follow":"follow","max-snippet":"max-snippet:-1","max-image-preview":"max-image-preview:large","max-video-preview":"max-video-preview:-1"},"canonical":"https:\/\/romanivilafranca.com\/ca\/contacto\/","og_locale":"ca_ES","og_type":"article","og_title":"Contacto - romanivilafranca.com","og_description":"Por favor, activa JavaScript en tu navegador para completar este formulario.Por favor, activa JavaScript en tu navegador para completar este formulario. Nombre * NombreApellidos Correo electr\u00f3nico *Comentario o mensaje Enviar Email romanivilafranca@gmail.com Tel\u00e9fono +34 651 15 88 56 Ubicaci\u00f3n Carrer de la Palma, 1008720 Vilafranca del Pened\u00e8s, Barcelona Reserva ya y disfruta Reservar","og_url":"https:\/\/romanivilafranca.com\/ca\/contacto\/","og_site_name":"romanivilafranca.com","article_modified_time":"2024-11-28T22:21:40+00:00","og_image":[{"url":"https:\/\/romanivilafranca.com\/wp-content\/plugins\/wpforms-lite\/assets\/images\/submit-spin.svg","type":"","width":"","height":""}],"twitter_card":"summary_large_image","twitter_misc":{"Temps estimat de lectura":"1 minut"},"schema":{"@context":"https:\/\/schema.org","@graph":[{"@type":"WebPage","@id":"https:\/\/romanivilafranca.com\/contacto\/","url":"https:\/\/romanivilafranca.com\/contacto\/","name":"Contacto - romanivilafranca.com","isPartOf":{"@id":"https:\/\/romanivilafranca.com\/#website"},"primaryImageOfPage":{"@id":"https:\/\/romanivilafranca.com\/contacto\/#primaryimage"},"image":{"@id":"https:\/\/romanivilafranca.com\/contacto\/#primaryimage"},"thumbnailUrl":"https:\/\/romanivilafranca.com\/wp-content\/plugins\/wpforms-lite\/assets\/images\/submit-spin.svg","datePublished":"2024-08-03T10:12:45+00:00","dateModified":"2024-11-28T22:21:40+00:00","breadcrumb":{"@id":"https:\/\/romanivilafranca.com\/contacto\/#breadcrumb"},"inLanguage":"ca","potentialAction":[{"@type":"ReadAction","target":["https:\/\/romanivilafranca.com\/contacto\/"]}]},{"@type":"ImageObject","inLanguage":"ca","@id":"https:\/\/romanivilafranca.com\/contacto\/#primaryimage","url":"https:\/\/romanivilafranca.com\/wp-content\/plugins\/wpforms-lite\/assets\/images\/submit-spin.svg","contentUrl":"https:\/\/romanivilafranca.com\/wp-content\/plugins\/wpforms-lite\/assets\/images\/submit-spin.svg"},{"@type":"BreadcrumbList","@id":"https:\/\/romanivilafranca.com\/contacto\/#breadcrumb","itemListElement":[{"@type":"ListItem","position":1,"name":"Portada","item":"https:\/\/romanivilafranca.com\/"},{"@type":"ListItem","position":2,"name":"Contacto"}]},{"@type":"WebSite","@id":"https:\/\/romanivilafranca.com\/#website","url":"https:\/\/romanivilafranca.com\/","name":"romanivilafranca.com","description":"","publisher":{"@id":"https:\/\/romanivilafranca.com\/#organization"},"potentialAction":[{"@type":"SearchAction","target":{"@type":"EntryPoint","urlTemplate":"https:\/\/romanivilafranca.com\/?s={search_term_string}"},"query-input":{"@type":"PropertyValueSpecification","valueRequired":true,"valueName":"search_term_string"}}],"inLanguage":"ca"},{"@type":"Organization","@id":"https:\/\/romanivilafranca.com\/#organization","name":"romanivilafranca.com","url":"https:\/\/romanivilafranca.com\/","logo":{"@type":"ImageObject","inLanguage":"ca","@id":"https:\/\/romanivilafranca.com\/#\/schema\/logo\/image\/","url":"https:\/\/romanivilafranca.com\/wp-content\/uploads\/2024\/11\/pixelcut-export-1.jpeg","contentUrl":"https:\/\/romanivilafranca.com\/wp-content\/uploads\/2024\/11\/pixelcut-export-1.jpeg","width":600,"height":600,"caption":"romanivilafranca.com"},"image":{"@id":"https:\/\/romanivilafranca.com\/#\/schema\/logo\/image\/"}}]}},"_links":{"self":[{"href":"https:\/\/romanivilafranca.com\/ca\/wp-json\/wp\/v2\/pages\/41","targetHints":{"allow":["GET"]}}],"collection":[{"href":"https:\/\/romanivilafranca.com\/ca\/wp-json\/wp\/v2\/pages"}],"about":[{"href":"https:\/\/romanivilafranca.com\/ca\/wp-json\/wp\/v2\/types\/page"}],"author":[{"embeddable":true,"href":"https:\/\/romanivilafranca.com\/ca\/wp-json\/wp\/v2\/users\/1"}],"replies":[{"embeddable":true,"href":"https:\/\/romanivilafranca.com\/ca\/wp-json\/wp\/v2\/comments?post=41"}],"version-history":[{"count":232,"href":"https:\/\/romanivilafranca.com\/ca\/wp-json\/wp\/v2\/pages\/41\/revisions"}],"predecessor-version":[{"id":2944,"href":"https:\/\/romanivilafranca.com\/ca\/wp-json\/wp\/v2\/pages\/41\/revisions\/2944"}],"wp:attachment":[{"href":"https:\/\/romanivilafranca.com\/ca\/wp-json\/wp\/v2\/media?parent=41"}],"curies":[{"name":"wp","href":"https:\/\/api.w.org\/{rel}","templated":true}]}}